{"id":791,"date":"2021-02-02T19:18:43","date_gmt":"2021-02-02T18:18:43","guid":{"rendered":"https:\/\/www.kreativwerkstatt-matthiesen.de\/?page_id=791"},"modified":"2026-02-12T12:56:58","modified_gmt":"2026-02-12T11:56:58","slug":"monatshighlight","status":"publish","type":"page","link":"https:\/\/www.kreativwerkstatt-matthiesen.de\/?page_id=791","title":{"rendered":"Monatshighlight"},"content":{"rendered":"\n<div class=\"wp-block-columns is-layout-flex wp-container-core-columns-is-layout-28f84493 wp-block-columns-is-layout-flex\">\n<div class=\"wp-block-column is-layout-flow wp-block-column-is-layout-flow\" style=\"flex-basis:50%\"><\/div>\n\n\n\n<div class=\"wp-block-column is-layout-flow wp-block-column-is-layout-flow\" style=\"flex-basis:50%\"><\/div>\n<\/div>\n\n\n\n<div class=\"wp-block-columns is-layout-flex wp-container-core-columns-is-layout-28f84493 wp-block-columns-is-layout-flex\">\n<div class=\"wp-block-column is-layout-flow wp-block-column-is-layout-flow\" style=\"flex-basis:33.33%\"><\/div>\n<\/div>\n\n\n\n<div class=\"wp-block-columns is-layout-flex wp-container-core-columns-is-layout-28f84493 wp-block-columns-is-layout-flex\">\n<div class=\"wp-block-column is-layout-flow wp-block-column-is-layout-flow\" style=\"flex-basis:33.33%\">\n<figure class=\"wp-block-gallery has-nested-images columns-default is-cropped wp-block-gallery-1 is-layout-flex wp-block-gallery-is-layout-flex\">\n<figure class=\"wp-block-image size-large is-style-default\"><img loading=\"lazy\" decoding=\"async\" width=\"769\" height=\"1024\" data-id=\"2770\" src=\"https:\/\/www.kreativwerkstatt-matthiesen.de\/wp-content\/uploads\/2025\/09\/df80e2cc-2afe-4560-8643-763a73a5e2bd-769x1024.jpeg\" alt=\"\" class=\"wp-image-2770\" srcset=\"https:\/\/www.kreativwerkstatt-matthiesen.de\/wp-content\/uploads\/2025\/09\/df80e2cc-2afe-4560-8643-763a73a5e2bd-769x1024.jpeg 769w, https:\/\/www.kreativwerkstatt-matthiesen.de\/wp-content\/uploads\/2025\/09\/df80e2cc-2afe-4560-8643-763a73a5e2bd-225x300.jpeg 225w, https:\/\/www.kreativwerkstatt-matthiesen.de\/wp-content\/uploads\/2025\/09\/df80e2cc-2afe-4560-8643-763a73a5e2bd-768x1023.jpeg 768w, https:\/\/www.kreativwerkstatt-matthiesen.de\/wp-content\/uploads\/2025\/09\/df80e2cc-2afe-4560-8643-763a73a5e2bd-1153x1536.jpeg 1153w, https:\/\/www.kreativwerkstatt-matthiesen.de\/wp-content\/uploads\/2025\/09\/df80e2cc-2afe-4560-8643-763a73a5e2bd.jpeg 1537w\" sizes=\"auto, (max-width: 769px) 100vw, 769px\" \/><\/figure>\n<\/figure>\n<\/div>\n\n\n\n<div class=\"wp-block-column is-layout-flow wp-block-column-is-layout-flow\" style=\"flex-basis:66.66%\">\n<p>Holzsteine <\/p>\n\n\n\n<p><\/p>\n\n\n\n<p>Preis: 4 St\u00fcck &#8211; 8,00\u20ac<br><\/p>\n\n\n\n<p>Worte, die bleiben&#8230;<\/p>\n\n\n\n<p>Manchmal braucht es nur ein kleines Wort, um ein Lacheln zu schenken, Hoffnung zu wecken oder Dankbarkeit auszudr\u00fccken. In der Kreativwerkstatt Matthiesen entstehen handgefertigte Holzkl\u00f6tzchen, die genau das tun: kleine Botschafter voller Liebe, Freude und positiver Energie.<\/p>\n\n\n\n<p>Ob Gl\u00fcck, Gesundheit, Freude, Zuversicht oder Dankbarkeit &#8211; jedes Wort ist sorgf\u00e4ltig in Holz verewigt und wird zu einem ganz besonderen Geschenk f\u00fcr dich selbst oder deine Liebsten. Perfekt zum Verschenken, Dekorieren oder einfach zum t\u00e4glichen Innehalten.<\/p>\n\n\n\n<p>Mit viel Herz. Mit Handarbeit. Mit Bedeutung.<\/p>\n\n\n\n<p>Entdecke die Vielfalt der Worte &#8211; und finde das St\u00fcck, das zu dir passt.<\/p>\n\n\n\n<p>Ein Versand oder eine Abholung in 25494 Borstel-Hohenraden oder in 25436 Tornesch ist m\u00f6glich! <\/p>\n<\/div>\n<\/div>\n\n\n\n<div class=\"wp-block-columns is-layout-flex wp-container-core-columns-is-layout-28f84493 wp-block-columns-is-layout-flex\">\n<div class=\"wp-block-column is-layout-flow wp-block-column-is-layout-flow\" style=\"flex-basis:33.33%\">\n<figure class=\"wp-block-gallery has-nested-images columns-default is-cropped wp-block-gallery-2 is-layout-flex wp-block-gallery-is-layout-flex\">\n<figure class=\"wp-block-image size-large is-style-default\"><img loading=\"lazy\" decoding=\"async\" width=\"768\" height=\"1024\" data-id=\"2662\" src=\"https:\/\/www.kreativwerkstatt-matthiesen.de\/wp-content\/uploads\/2024\/06\/IMG_8405-768x1024.jpeg\" alt=\"\" class=\"wp-image-2662\" srcset=\"https:\/\/www.kreativwerkstatt-matthiesen.de\/wp-content\/uploads\/2024\/06\/IMG_8405-768x1024.jpeg 768w, https:\/\/www.kreativwerkstatt-matthiesen.de\/wp-content\/uploads\/2024\/06\/IMG_8405-225x300.jpeg 225w, https:\/\/www.kreativwerkstatt-matthiesen.de\/wp-content\/uploads\/2024\/06\/IMG_8405-1152x1536.jpeg 1152w, https:\/\/www.kreativwerkstatt-matthiesen.de\/wp-content\/uploads\/2024\/06\/IMG_8405-1536x2048.jpeg 1536w, https:\/\/www.kreativwerkstatt-matthiesen.de\/wp-content\/uploads\/2024\/06\/IMG_8405-scaled.jpeg 1920w\" sizes=\"auto, (max-width: 768px) 100vw, 768px\" \/><\/figure>\n<\/figure>\n<\/div>\n\n\n\n<div class=\"wp-block-column is-layout-flow wp-block-column-is-layout-flow\" style=\"flex-basis:66.66%\">\n<p><strong>Weinkorken<\/strong><\/p>\n\n\n\n<p><\/p>\n\n\n\n<p>Preis: 3,50<\/p>\n\n\n\n<p>Ein Versand oder eine Abholung in 25494 Borstel-Hohenraden oder in 25436 Tornesch ist m\u00f6glich! <\/p>\n<\/div>\n<\/div>\n","protected":false},"excerpt":{"rendered":"<p>Holzsteine Preis: 4 St\u00fcck &#8211; 8,00\u20ac Worte, die bleiben&#8230; Manchmal braucht es nur ein kleines Wort, um ein Lacheln zu schenken, Hoffnung zu wecken oder Dankbarkeit auszudr\u00fccken. In der Kreativwerkstatt Matthiesen entstehen handgefertigte Holzkl\u00f6tzchen, die genau das tun: kleine Botschafter voller Liebe, Freude und positiver Energie. Ob Gl\u00fcck, Gesundheit, Freude, Zuversicht oder Dankbarkeit &#8211; jedes [&hellip;]<\/p>\n","protected":false},"author":1,"featured_media":0,"parent":0,"menu_order":0,"comment_status":"closed","ping_status":"closed","template":"","meta":{"pgc_sgb_lightbox_settings":"","footnotes":""},"class_list":["post-791","page","type-page","status-publish","hentry"],"_links":{"self":[{"href":"https:\/\/www.kreativwerkstatt-matthiesen.de\/index.php?rest_route=\/wp\/v2\/pages\/791","targetHints":{"allow":["GET"]}}],"collection":[{"href":"https:\/\/www.kreativwerkstatt-matthiesen.de\/index.php?rest_route=\/wp\/v2\/pages"}],"about":[{"href":"https:\/\/www.kreativwerkstatt-matthiesen.de\/index.php?rest_route=\/wp\/v2\/types\/page"}],"author":[{"embeddable":true,"href":"https:\/\/www.kreativwerkstatt-matthiesen.de\/index.php?rest_route=\/wp\/v2\/users\/1"}],"replies":[{"embeddable":true,"href":"https:\/\/www.kreativwerkstatt-matthiesen.de\/index.php?rest_route=%2Fwp%2Fv2%2Fcomments&post=791"}],"version-history":[{"count":137,"href":"https:\/\/www.kreativwerkstatt-matthiesen.de\/index.php?rest_route=\/wp\/v2\/pages\/791\/revisions"}],"predecessor-version":[{"id":2883,"href":"https:\/\/www.kreativwerkstatt-matthiesen.de\/index.php?rest_route=\/wp\/v2\/pages\/791\/revisions\/2883"}],"wp:attachment":[{"href":"https:\/\/www.kreativwerkstatt-matthiesen.de\/index.php?rest_route=%2Fwp%2Fv2%2Fmedia&parent=791"}],"curies":[{"name":"wp","href":"https:\/\/api.w.org\/{rel}","templated":true}]}}