{"id":70,"date":"2020-07-26T15:07:06","date_gmt":"2020-07-26T14:07:06","guid":{"rendered":"https:\/\/www.kreativwerkstatt-matthiesen.de\/?page_id=70"},"modified":"2026-02-14T19:39:53","modified_gmt":"2026-02-14T18:39:53","slug":"termine","status":"publish","type":"page","link":"https:\/\/www.kreativwerkstatt-matthiesen.de\/?page_id=70","title":{"rendered":"Termine"},"content":{"rendered":"\n<p><\/p>\n\n\n\n<p>22.03.2026 &#8211; Langes Tannen &#8211; 11:00 -17:00 Uhr<br>03.05.2026 &#8211; T\u00f6verhus &#8211; Klein Nordende<br>06.12.2026 &#8211; T\u00f6verhus &#8211; Klein Nordende<br>06.12.2026 &#8211; Husum<\/p>\n\n\n\n<p>____________________________________________________________________________________<\/p>\n\n\n\n<p>Unsere <a href=\"https:\/\/www.kreativwerkstatt-matthiesen.de\/?page_id=1759\" data-type=\"page\" data-id=\"1759\">St\u00f6berh\u00fctten<\/a> in Tornesch und Borstel-Hohenraden sind aber durchg\u00e4ngig ge\u00f6ffnet!<\/p>\n\n\n\n<p>Gern kannst du zum St\u00f6bern auch in unser<a href=\"https:\/\/www.kreativwerkstatt-matthiesen.de\/?page_id=292\" data-type=\"page\" data-id=\"292\"> kleines St\u00f6berst\u00fcbchen<\/a> nach Borstel Hohenraden kommen.<\/p>\n\n\n\n<p><a href=\"https:\/\/www.kreativwerkstatt-matthiesen.de\/?page_id=36\" data-type=\"page\" data-id=\"36\">Bestellungen<\/a> nehmen wir jederzeit an. <\/p>\n\n\n\n<p><br><\/p>\n\n\n<div class=\"pgc-sgb-cb wp-block-pgcsimplygalleryblock-masonry \" data-gallery-id=\"e8647250\"><div class=\"sgb-preloader\" id=\"pr_e8647250\">\n\t<div class=\"sgb-square\" style=\"background:#d4d4d4\"><\/div>\n\t<div class=\"sgb-square\" style=\"background:#d4d4d4\"><\/div>\n\t<div class=\"sgb-square\" style=\"background:#d4d4d4\"><\/div>\n\t<div class=\"sgb-square\" style=\"background:#d4d4d4\"><\/div><\/div><div class=\"simply-gallery-amp pgc_sgb_slider \"><noscript><div class=\"sgb-gallery\"><\/div><\/noscript><\/div><script type=\"application\/json\" class=\"sgb-data\"><\/script><script>(function(){if(window.PGC_SGB && window.PGC_SGB.searcher){window.PGC_SGB.searcher.initBlocks()}})()<\/script><\/div>","protected":false},"excerpt":{"rendered":"<p>22.03.2026 &#8211; Langes Tannen &#8211; 11:00 -17:00 Uhr03.05.2026 &#8211; T\u00f6verhus &#8211; Klein Nordende06.12.2026 &#8211; T\u00f6verhus &#8211; Klein Nordende06.12.2026 &#8211; Husum ____________________________________________________________________________________ Unsere St\u00f6berh\u00fctten in Tornesch und Borstel-Hohenraden sind aber durchg\u00e4ngig ge\u00f6ffnet! Gern kannst du zum St\u00f6bern auch in unser kleines St\u00f6berst\u00fcbchen nach Borstel Hohenraden kommen. Bestellungen nehmen wir jederzeit an.<\/p>\n","protected":false},"author":1,"featured_media":0,"parent":0,"menu_order":0,"comment_status":"closed","ping_status":"closed","template":"","meta":{"pgc_sgb_lightbox_settings":"","footnotes":""},"class_list":["post-70","page","type-page","status-publish","hentry"],"_links":{"self":[{"href":"https:\/\/www.kreativwerkstatt-matthiesen.de\/index.php?rest_route=\/wp\/v2\/pages\/70","targetHints":{"allow":["GET"]}}],"collection":[{"href":"https:\/\/www.kreativwerkstatt-matthiesen.de\/index.php?rest_route=\/wp\/v2\/pages"}],"about":[{"href":"https:\/\/www.kreativwerkstatt-matthiesen.de\/index.php?rest_route=\/wp\/v2\/types\/page"}],"author":[{"embeddable":true,"href":"https:\/\/www.kreativwerkstatt-matthiesen.de\/index.php?rest_route=\/wp\/v2\/users\/1"}],"replies":[{"embeddable":true,"href":"https:\/\/www.kreativwerkstatt-matthiesen.de\/index.php?rest_route=%2Fwp%2Fv2%2Fcomments&post=70"}],"version-history":[{"count":90,"href":"https:\/\/www.kreativwerkstatt-matthiesen.de\/index.php?rest_route=\/wp\/v2\/pages\/70\/revisions"}],"predecessor-version":[{"id":2884,"href":"https:\/\/www.kreativwerkstatt-matthiesen.de\/index.php?rest_route=\/wp\/v2\/pages\/70\/revisions\/2884"}],"wp:attachment":[{"href":"https:\/\/www.kreativwerkstatt-matthiesen.de\/index.php?rest_route=%2Fwp%2Fv2%2Fmedia&parent=70"}],"curies":[{"name":"wp","href":"https:\/\/api.w.org\/{rel}","templated":true}]}}