{"id":36,"date":"2020-07-26T13:37:10","date_gmt":"2020-07-26T12:37:10","guid":{"rendered":"https:\/\/kreativwerkstatt-matthiesen.de\/?page_id=36"},"modified":"2023-09-13T20:41:39","modified_gmt":"2023-09-13T19:41:39","slug":"kontakt","status":"publish","type":"page","link":"https:\/\/www.kreativwerkstatt-matthiesen.de\/?page_id=36","title":{"rendered":"Kontakt"},"content":{"rendered":"\n<div class=\"wp-block-columns is-layout-flex wp-container-core-columns-is-layout-28f84493 wp-block-columns-is-layout-flex\">\n<div class=\"wp-block-column is-vertically-aligned-top is-layout-flow wp-block-column-is-layout-flow\" style=\"flex-basis:30%\"><div class=\"wp-block-image\">\n<figure class=\"aligncenter size-large is-resized\"><img loading=\"lazy\" decoding=\"async\" src=\"https:\/\/kreativwerkstatt-matthiesen.de\/wp-content\/uploads\/2020\/07\/kisspng-font-awesome-computer-icons-house-blue-architecture-5add7ef4787969.0920183915244653964935.png\" alt=\"\" class=\"wp-image-41\" style=\"width:77px;height:77px\" width=\"77\" height=\"77\" srcset=\"https:\/\/www.kreativwerkstatt-matthiesen.de\/wp-content\/uploads\/2020\/07\/kisspng-font-awesome-computer-icons-house-blue-architecture-5add7ef4787969.0920183915244653964935.png 512w, https:\/\/www.kreativwerkstatt-matthiesen.de\/wp-content\/uploads\/2020\/07\/kisspng-font-awesome-computer-icons-house-blue-architecture-5add7ef4787969.0920183915244653964935-300x300.png 300w, https:\/\/www.kreativwerkstatt-matthiesen.de\/wp-content\/uploads\/2020\/07\/kisspng-font-awesome-computer-icons-house-blue-architecture-5add7ef4787969.0920183915244653964935-150x150.png 150w, https:\/\/www.kreativwerkstatt-matthiesen.de\/wp-content\/uploads\/2020\/07\/kisspng-font-awesome-computer-icons-house-blue-architecture-5add7ef4787969.0920183915244653964935-100x100.png 100w\" sizes=\"auto, (max-width: 77px) 100vw, 77px\" \/><\/figure>\n<\/div>\n\n\n<p class=\"has-text-align-center has-black-color has-text-color\"><strong>Uta Matthiesen<\/strong><br><a href=\"https:\/\/www.google.com\/maps\/place\/Roffloh+27,+25494+Borstel-Hohenraden\/@53.6989792,9.8150117,18.94z\/data=!4m5!3m4!1s0x47b22a622a0d043b:0xad70004c98afab10!8m2!3d53.698787!4d9.8160407\" data-type=\"URL\" target=\"_blank\" rel=\"noreferrer noopener\">Roffloh 27<br>25494 Borstel-Hohenraden<\/a><\/p>\n\n\n\n<p class=\"has-text-align-center has-black-color has-text-color\"><strong>Seike Matthiesen<\/strong><br>25436 Tornesch<\/p>\n\n\n\n<p class=\"has-text-align-center has-black-color has-text-color\">Unsere kleines <strong>St\u00f6berst\u00fcbchen<\/strong> befindet sich in <br><a rel=\"noreferrer noopener\" href=\"https:\/\/www.google.com\/maps\/place\/Roffloh+27,+25494+Borstel-Hohenraden\/@53.6989792,9.8150117,18.94z\/data=!4m5!3m4!1s0x47b22a622a0d043b:0xad70004c98afab10!8m2!3d53.698787!4d9.8160407\" data-type=\"URL\" data-id=\"https:\/\/www.google.com\/maps\/place\/Roffloh+27,+25494+Borstel-Hohenraden\/@53.6989792,9.8150117,18.94z\/data=!4m5!3m4!1s0x47b22a622a0d043b:0xad70004c98afab10!8m2!3d53.698787!4d9.8160407\" target=\"_blank\">Borstel-Hohenraden<\/a>.<em><br><\/em> Vorherige Terminabsprache erforderlich.<\/p>\n\n\n\n<p class=\"has-text-align-center\">Unsere <a href=\"https:\/\/www.kreativwerkstatt-matthiesen.de\/?page_id=1759\" data-type=\"page\" data-id=\"1759\">St\u00f6berh\u00fctten <\/a>in Borstel-Hohenraden und Tornesch sind 24\/7 ge\u00f6ffnet. Keine vorherige Terminabsprache erforderlich. <\/p>\n<\/div>\n\n\n\n<div class=\"wp-block-column is-layout-flow wp-block-column-is-layout-flow\"><div class=\"wp-block-image\">\n<figure class=\"aligncenter size-large is-resized\"><img loading=\"lazy\" decoding=\"async\" src=\"https:\/\/kreativwerkstatt-matthiesen.de\/wp-content\/uploads\/2020\/07\/kisspng-iphone-telephone-computer-icons-clip-art-free-telephone-icon-5ab065f64e2377.6569286315215098783201-1.png\" alt=\"\" class=\"wp-image-44\" style=\"width:62px;height:62px\" width=\"62\" height=\"62\" srcset=\"https:\/\/www.kreativwerkstatt-matthiesen.de\/wp-content\/uploads\/2020\/07\/kisspng-iphone-telephone-computer-icons-clip-art-free-telephone-icon-5ab065f64e2377.6569286315215098783201-1.png 594w, https:\/\/www.kreativwerkstatt-matthiesen.de\/wp-content\/uploads\/2020\/07\/kisspng-iphone-telephone-computer-icons-clip-art-free-telephone-icon-5ab065f64e2377.6569286315215098783201-1-300x300.png 300w, https:\/\/www.kreativwerkstatt-matthiesen.de\/wp-content\/uploads\/2020\/07\/kisspng-iphone-telephone-computer-icons-clip-art-free-telephone-icon-5ab065f64e2377.6569286315215098783201-1-150x150.png 150w, https:\/\/www.kreativwerkstatt-matthiesen.de\/wp-content\/uploads\/2020\/07\/kisspng-iphone-telephone-computer-icons-clip-art-free-telephone-icon-5ab065f64e2377.6569286315215098783201-1-100x100.png 100w\" sizes=\"auto, (max-width: 62px) 100vw, 62px\" \/><\/figure>\n<\/div>\n\n\n<p class=\"has-text-align-center has-black-color has-text-color\"><br> 04101 \/ 76791<\/p>\n\n\n\n<p class=\"has-text-align-center has-black-color has-text-color\"><br> <\/p>\n<\/div>\n\n\n\n<div class=\"wp-block-column is-layout-flow wp-block-column-is-layout-flow\"><div class=\"wp-block-image\">\n<figure class=\"aligncenter size-full is-resized\"><img loading=\"lazy\" decoding=\"async\" src=\"https:\/\/www.kreativwerkstatt-matthiesen.de\/wp-content\/uploads\/2021\/09\/fgh.png\" alt=\"\" class=\"wp-image-1253\" style=\"width:63px;height:63px\" width=\"63\" height=\"63\" srcset=\"https:\/\/www.kreativwerkstatt-matthiesen.de\/wp-content\/uploads\/2021\/09\/fgh.png 225w, https:\/\/www.kreativwerkstatt-matthiesen.de\/wp-content\/uploads\/2021\/09\/fgh-150x150.png 150w\" sizes=\"auto, (max-width: 63px) 100vw, 63px\" \/><\/figure>\n<\/div>\n\n\n<p class=\"has-text-align-center has-black-color has-text-color\"><br><strong>Whatsapp:<\/strong><\/p>\n\n\n\n<p class=\"has-text-align-center has-black-color has-text-color\"><a href=\"https:\/\/wa.me\/message\/PCTDEJHJ4CL4I1\" data-type=\"tel\">041224099560<\/a><\/p>\n<\/div>\n\n\n\n<div class=\"wp-block-column is-vertically-aligned-top is-layout-flow wp-block-column-is-layout-flow\"><div class=\"wp-block-image\">\n<figure class=\"aligncenter size-large is-resized\"><a href=\"mailto:info@kreativwerkstatt-matthiesen.de\"><img loading=\"lazy\" decoding=\"async\" src=\"https:\/\/kreativwerkstatt-matthiesen.de\/wp-content\/uploads\/2020\/07\/kisspng-email-simple-mail-transfer-protocol-computer-icons-electronico-5b2bd052653d54.9091612715295980344147-1024x1024.png\" alt=\"\" class=\"wp-image-45\" style=\"width:52px;height:52px\" width=\"52\" height=\"52\" srcset=\"https:\/\/www.kreativwerkstatt-matthiesen.de\/wp-content\/uploads\/2020\/07\/kisspng-email-simple-mail-transfer-protocol-computer-icons-electronico-5b2bd052653d54.9091612715295980344147-1024x1024.png 1024w, https:\/\/www.kreativwerkstatt-matthiesen.de\/wp-content\/uploads\/2020\/07\/kisspng-email-simple-mail-transfer-protocol-computer-icons-electronico-5b2bd052653d54.9091612715295980344147-300x300.png 300w, https:\/\/www.kreativwerkstatt-matthiesen.de\/wp-content\/uploads\/2020\/07\/kisspng-email-simple-mail-transfer-protocol-computer-icons-electronico-5b2bd052653d54.9091612715295980344147-150x150.png 150w, https:\/\/www.kreativwerkstatt-matthiesen.de\/wp-content\/uploads\/2020\/07\/kisspng-email-simple-mail-transfer-protocol-computer-icons-electronico-5b2bd052653d54.9091612715295980344147-768x768.png 768w, https:\/\/www.kreativwerkstatt-matthiesen.de\/wp-content\/uploads\/2020\/07\/kisspng-email-simple-mail-transfer-protocol-computer-icons-electronico-5b2bd052653d54.9091612715295980344147-1536x1536.png 1536w, https:\/\/www.kreativwerkstatt-matthiesen.de\/wp-content\/uploads\/2020\/07\/kisspng-email-simple-mail-transfer-protocol-computer-icons-electronico-5b2bd052653d54.9091612715295980344147-100x100.png 100w, https:\/\/www.kreativwerkstatt-matthiesen.de\/wp-content\/uploads\/2020\/07\/kisspng-email-simple-mail-transfer-protocol-computer-icons-electronico-5b2bd052653d54.9091612715295980344147.png 1920w\" sizes=\"auto, (max-width: 52px) 100vw, 52px\" \/><\/a><\/figure>\n<\/div>\n\n\n<p class=\"has-text-align-center has-black-color has-text-color has-normal-font-size\"><br><a href=\"mailto:info@kreativwerkstatt-matthiesen.de\" target=\"_blank\" rel=\"noreferrer noopener\">info@kreativwerkstatt-matthiesen.de<\/a><\/p>\n<\/div>\n<\/div>\n\n\n\n<div class=\"wp-block-columns is-layout-flex wp-container-core-columns-is-layout-28f84493 wp-block-columns-is-layout-flex\">\n<div class=\"wp-block-column is-layout-flow wp-block-column-is-layout-flow\"><div class=\"wp-block-image\">\n<figure class=\"aligncenter size-large is-resized\"><a href=\"https:\/\/www.facebook.com\/KreativwerkstattMatthiesen\"><img loading=\"lazy\" decoding=\"async\" src=\"https:\/\/kreativwerkstatt-matthiesen.de\/wp-content\/uploads\/2020\/07\/5a22b45aa94174.2089265915122238346933.png\" alt=\"\" class=\"wp-image-46\" style=\"width:61px;height:61px\" width=\"61\" height=\"61\" srcset=\"https:\/\/www.kreativwerkstatt-matthiesen.de\/wp-content\/uploads\/2020\/07\/5a22b45aa94174.2089265915122238346933.png 512w, https:\/\/www.kreativwerkstatt-matthiesen.de\/wp-content\/uploads\/2020\/07\/5a22b45aa94174.2089265915122238346933-300x300.png 300w, https:\/\/www.kreativwerkstatt-matthiesen.de\/wp-content\/uploads\/2020\/07\/5a22b45aa94174.2089265915122238346933-150x150.png 150w, https:\/\/www.kreativwerkstatt-matthiesen.de\/wp-content\/uploads\/2020\/07\/5a22b45aa94174.2089265915122238346933-100x100.png 100w\" sizes=\"auto, (max-width: 61px) 100vw, 61px\" \/><\/a><\/figure>\n<\/div>\n\n\n<p class=\"has-text-align-center has-black-color has-text-color\"><a href=\"https:\/\/www.facebook.com\/KreativwerkstattMatthiesen\" target=\"_blank\" rel=\"noreferrer noopener\">Kreativwerkstatt-Matthiesen<\/a><\/p>\n<\/div>\n\n\n\n<div class=\"wp-block-column is-layout-flow wp-block-column-is-layout-flow\"><div class=\"wp-block-image\">\n<figure class=\"aligncenter size-large is-resized\"><a href=\"https:\/\/instagram.com\/kreativwerkstatt_matthiesen\"><img loading=\"lazy\" decoding=\"async\" src=\"https:\/\/kreativwerkstatt-matthiesen.de\/wp-content\/uploads\/2020\/07\/kisspng-logo-computer-icons-white-instagram-5b2d14ce9aee38.2719900715296811026346.png\" alt=\"\" class=\"wp-image-50\" style=\"width:65px;height:65px\" width=\"65\" height=\"65\" srcset=\"https:\/\/www.kreativwerkstatt-matthiesen.de\/wp-content\/uploads\/2020\/07\/kisspng-logo-computer-icons-white-instagram-5b2d14ce9aee38.2719900715296811026346.png 700w, https:\/\/www.kreativwerkstatt-matthiesen.de\/wp-content\/uploads\/2020\/07\/kisspng-logo-computer-icons-white-instagram-5b2d14ce9aee38.2719900715296811026346-300x300.png 300w, https:\/\/www.kreativwerkstatt-matthiesen.de\/wp-content\/uploads\/2020\/07\/kisspng-logo-computer-icons-white-instagram-5b2d14ce9aee38.2719900715296811026346-150x150.png 150w, https:\/\/www.kreativwerkstatt-matthiesen.de\/wp-content\/uploads\/2020\/07\/kisspng-logo-computer-icons-white-instagram-5b2d14ce9aee38.2719900715296811026346-100x100.png 100w\" sizes=\"auto, (max-width: 65px) 100vw, 65px\" \/><\/a><\/figure>\n<\/div>\n\n\n<p class=\"has-text-align-center has-black-color has-text-color\"><a href=\"https:\/\/www.instagram.com\/kreativwerkstatt_matthiesen\/\" target=\"_blank\" rel=\"noreferrer noopener\">kreativwerkstatt_matthiesen<\/a><\/p>\n<\/div>\n<\/div>\n\n\n\n<p><\/p>\n","protected":false},"excerpt":{"rendered":"<p>Uta MatthiesenRoffloh 2725494 Borstel-Hohenraden Seike Matthiesen25436 Tornesch Unsere kleines St\u00f6berst\u00fcbchen befindet sich in Borstel-Hohenraden. Vorherige Terminabsprache erforderlich. Unsere St\u00f6berh\u00fctten in Borstel-Hohenraden und Tornesch sind 24\/7 ge\u00f6ffnet. Keine vorherige Terminabsprache erforderlich. 04101 \/ 76791 Whatsapp: 041224099560 info@kreativwerkstatt-matthiesen.de Kreativwerkstatt-Matthiesen kreativwerkstatt_matthiesen<\/p>\n","protected":false},"author":1,"featured_media":0,"parent":0,"menu_order":0,"comment_status":"closed","ping_status":"closed","template":"","meta":{"pgc_sgb_lightbox_settings":"","footnotes":""},"class_list":["post-36","page","type-page","status-publish","hentry"],"_links":{"self":[{"href":"https:\/\/www.kreativwerkstatt-matthiesen.de\/index.php?rest_route=\/wp\/v2\/pages\/36","targetHints":{"allow":["GET"]}}],"collection":[{"href":"https:\/\/www.kreativwerkstatt-matthiesen.de\/index.php?rest_route=\/wp\/v2\/pages"}],"about":[{"href":"https:\/\/www.kreativwerkstatt-matthiesen.de\/index.php?rest_route=\/wp\/v2\/types\/page"}],"author":[{"embeddable":true,"href":"https:\/\/www.kreativwerkstatt-matthiesen.de\/index.php?rest_route=\/wp\/v2\/users\/1"}],"replies":[{"embeddable":true,"href":"https:\/\/www.kreativwerkstatt-matthiesen.de\/index.php?rest_route=%2Fwp%2Fv2%2Fcomments&post=36"}],"version-history":[{"count":51,"href":"https:\/\/www.kreativwerkstatt-matthiesen.de\/index.php?rest_route=\/wp\/v2\/pages\/36\/revisions"}],"predecessor-version":[{"id":2331,"href":"https:\/\/www.kreativwerkstatt-matthiesen.de\/index.php?rest_route=\/wp\/v2\/pages\/36\/revisions\/2331"}],"wp:attachment":[{"href":"https:\/\/www.kreativwerkstatt-matthiesen.de\/index.php?rest_route=%2Fwp%2Fv2%2Fmedia&parent=36"}],"curies":[{"name":"wp","href":"https:\/\/api.w.org\/{rel}","templated":true}]}}