{"id":292,"date":"2020-12-29T11:23:44","date_gmt":"2020-12-29T10:23:44","guid":{"rendered":"https:\/\/www.kreativwerkstatt-matthiesen.de\/?page_id=292"},"modified":"2025-09-23T07:56:10","modified_gmt":"2025-09-23T06:56:10","slug":"stoeberstuebchen","status":"publish","type":"page","link":"https:\/\/www.kreativwerkstatt-matthiesen.de\/?page_id=292","title":{"rendered":"St\u00f6berst\u00fcbchen"},"content":{"rendered":"\n<p class=\"has-black-color has-text-color\">Wo ist eigentlich \u201edieses\u201c St\u00f6berst\u00fcbchen?<\/p>\n\n\n\n<p class=\"has-black-color has-text-color\">Das St\u00f6berst\u00fcbchen findest du in Borstel-Hohenraden und soll dir die M\u00f6glichkeit geben, auch ohne Kreativm\u00e4rkte, bei uns zu st\u00f6bern. <\/p>\n\n\n\n<p class=\"has-black-color has-text-color\">Wichtig ist nur, dass du dich bei uns vorab telefonisch anmeldest. <br>Erreichen k\u00f6nnt ihr uns unter der Telefonnummer: 04101-76791.<\/p>\n\n\n\n<p class=\"has-black-color has-text-color\">Wir freuen uns auf Deinen Besuch.<\/p>\n\n\n<div class=\"pgc-sgb-cb wp-block-pgcsimplygalleryblock-grid \" data-gallery-id=\"22155504\"><div class=\"sgb-preloader\" id=\"pr_22155504\">\n\t<div class=\"sgb-square\" style=\"background:#d4d4d4\"><\/div>\n\t<div class=\"sgb-square\" style=\"background:#d4d4d4\"><\/div>\n\t<div class=\"sgb-square\" style=\"background:#d4d4d4\"><\/div>\n\t<div class=\"sgb-square\" style=\"background:#d4d4d4\"><\/div><\/div><div class=\"simply-gallery-amp pgc_sgb_slider \"><noscript><div class=\"sgb-gallery\"><div class=\"sgb-item\"><a href=\"https:\/\/www.kreativwerkstatt-matthiesen.de\/?attachment_id=642\" target=\"_blank\"><img decoding=\"async\" alt=\"\" width=\"300\" height=\"225\" loading=\"lazy\" src=\"https:\/\/www.kreativwerkstatt-matthiesen.de\/wp-content\/uploads\/2021\/01\/21-01-02-17-36-13-5505-1-300x225.jpg\" srcset=\"https:\/\/www.kreativwerkstatt-matthiesen.de\/wp-content\/uploads\/2021\/01\/21-01-02-17-36-13-5505-1-300x225.jpg 300w,https:\/\/www.kreativwerkstatt-matthiesen.de\/wp-content\/uploads\/2021\/01\/21-01-02-17-36-13-5505-1-1024x768.jpg 1024w,https:\/\/www.kreativwerkstatt-matthiesen.de\/wp-content\/uploads\/2021\/01\/21-01-02-17-36-13-5505-1-scaled.jpg 2560w\" sizes=\"auto, 250px\"\/><\/a><\/div><div class=\"sgb-item\"><a href=\"https:\/\/www.kreativwerkstatt-matthiesen.de\/?attachment_id=644\" target=\"_blank\"><img decoding=\"async\" alt=\"\" width=\"129\" height=\"300\" loading=\"lazy\" src=\"https:\/\/www.kreativwerkstatt-matthiesen.de\/wp-content\/uploads\/2021\/01\/21-01-02-18-44-58-5509-1-129x300.jpg\" srcset=\"https:\/\/www.kreativwerkstatt-matthiesen.de\/wp-content\/uploads\/2021\/01\/21-01-02-18-44-58-5509-1-129x300.jpg 129w,https:\/\/www.kreativwerkstatt-matthiesen.de\/wp-content\/uploads\/2021\/01\/21-01-02-18-44-58-5509-1-439x1024.jpg 439w,https:\/\/www.kreativwerkstatt-matthiesen.de\/wp-content\/uploads\/2021\/01\/21-01-02-18-44-58-5509-1-scaled.jpg 1098w\" sizes=\"auto, 250px\"\/><\/a><\/div><\/div><\/noscript><\/div><script type=\"application\/json\" class=\"sgb-data\">{\"collectionColumns\":4,\"collectionThumbRecomendedWidth\":250,\"thumbSpacing\":10,\"externalLink\":false,\"captions\":false,\"collectionThumbSubMenuDownload\":false,\"collectionThumbSubMenuShare\":false,\"galleryType\":\"pgc_sgb_grid\",\"galleryId\":\"22155504\",\"images\":[{\"id\":642,\"title\":\"21-01-02 17-36-13 5505\",\"url\":\"https:\/\/www.kreativwerkstatt-matthiesen.de\/wp-content\/uploads\/2021\/01\/21-01-02-17-36-13-5505-1-scaled.jpg\",\"link\":\"https:\/\/www.kreativwerkstatt-matthiesen.de\/?attachment_id=642\",\"alt\":\"\",\"description\":\"\",\"caption\":\"\",\"mime\":\"image\/jpeg\",\"type\":\"image\",\"width\":2560,\"height\":1920,\"sizes\":{\"thumbnail\":{\"height\":150,\"width\":150,\"url\":\"https:\/\/www.kreativwerkstatt-matthiesen.de\/wp-content\/uploads\/2021\/01\/21-01-02-17-36-13-5505-1-150x150.jpg\",\"orientation\":\"landscape\"},\"medium\":{\"height\":225,\"width\":300,\"url\":\"https:\/\/www.kreativwerkstatt-matthiesen.de\/wp-content\/uploads\/2021\/01\/21-01-02-17-36-13-5505-1-300x225.jpg\",\"orientation\":\"landscape\"},\"large\":{\"height\":768,\"width\":1024,\"url\":\"https:\/\/www.kreativwerkstatt-matthiesen.de\/wp-content\/uploads\/2021\/01\/21-01-02-17-36-13-5505-1-1024x768.jpg\",\"orientation\":\"landscape\"},\"full\":{\"url\":\"https:\/\/www.kreativwerkstatt-matthiesen.de\/wp-content\/uploads\/2021\/01\/21-01-02-17-36-13-5505-1-scaled.jpg\",\"height\":1920,\"width\":2560,\"orientation\":\"landscape\"}},\"imageMeta\":{\"aperture\":\"1.8\",\"credit\":\"\",\"camera\":\"iPhone 7 Plus\",\"caption\":\"\",\"created_timestamp\":\"1609608973\",\"copyright\":\"\",\"focal_length\":\"3.99\",\"iso\":\"50\",\"shutter_speed\":\"0.058823529411765\",\"title\":\"\",\"orientation\":\"1\",\"keywords\":[]},\"meta\":false,\"postlink\":\"https:\/\/www.kreativwerkstatt-matthiesen.de\/?attachment_id=642\"},{\"id\":644,\"title\":\"21-01-02 18-44-58 5509\",\"url\":\"https:\/\/www.kreativwerkstatt-matthiesen.de\/wp-content\/uploads\/2021\/01\/21-01-02-18-44-58-5509-1-scaled.jpg\",\"link\":\"https:\/\/www.kreativwerkstatt-matthiesen.de\/?attachment_id=644\",\"alt\":\"\",\"description\":\"\",\"caption\":\"\",\"mime\":\"image\/jpeg\",\"type\":\"image\",\"width\":1098,\"height\":2560,\"sizes\":{\"thumbnail\":{\"height\":150,\"width\":150,\"url\":\"https:\/\/www.kreativwerkstatt-matthiesen.de\/wp-content\/uploads\/2021\/01\/21-01-02-18-44-58-5509-1-150x150.jpg\",\"orientation\":\"landscape\"},\"medium\":{\"height\":300,\"width\":129,\"url\":\"https:\/\/www.kreativwerkstatt-matthiesen.de\/wp-content\/uploads\/2021\/01\/21-01-02-18-44-58-5509-1-129x300.jpg\",\"orientation\":\"portrait\"},\"large\":{\"height\":1024,\"width\":439,\"url\":\"https:\/\/www.kreativwerkstatt-matthiesen.de\/wp-content\/uploads\/2021\/01\/21-01-02-18-44-58-5509-1-439x1024.jpg\",\"orientation\":\"portrait\"},\"full\":{\"url\":\"https:\/\/www.kreativwerkstatt-matthiesen.de\/wp-content\/uploads\/2021\/01\/21-01-02-18-44-58-5509-1-scaled.jpg\",\"height\":2560,\"width\":1098,\"orientation\":\"portrait\"}},\"imageMeta\":{\"aperture\":\"1.8\",\"credit\":\"\",\"camera\":\"iPhone 7 Plus\",\"caption\":\"\",\"created_timestamp\":\"1609613099\",\"copyright\":\"\",\"focal_length\":\"3.99\",\"iso\":\"80\",\"shutter_speed\":\"0.14285714285714\",\"title\":\"\",\"orientation\":\"1\",\"keywords\":[]},\"meta\":false,\"postlink\":\"https:\/\/www.kreativwerkstatt-matthiesen.de\/?attachment_id=644\"}],\"galleryData\":\"{\\u0022copyRProtection\\u0022:true,\\u0022copyRAlert\\u0022:\\u0022Hello, this photo is mine!\\u0022,\\u0022sliderScrollNavi\\u0022:false,\\u0022sliderNextPrevAnimation\\u0022:\\u0022animation\\u0022,\\u0022galleryScrollPositionControll\\u0022:false,\\u0022sliderVideoAutoPlay\\u0022:false,\\u0022sliderItemCounterEnable\\u0022:true,\\u0022sliderCaptionSrc\\u0022:\\u0022caption\\u0022,\\u0022sliderItemTitleEnable\\u0022:false,\\u0022sliderItemTitleFontSize\\u0022:18,\\u0022sliderItemTitleTextColor\\u0022:\\u0022rgba(255,255,255,1)\\u0022,\\u0022itemCounterColor\\u0022:\\u0022rgba(255,255,255,1)\\u0022,\\u0022sliderThumbBarEnable\\u0022:true,\\u0022sliderThumbBarHoverColor\\u0022:\\u0022rgba(240,240,240,1)\\u0022,\\u0022sliderBgColor\\u0022:\\u0022rgba(0,0,0,0.8)\\u0022,\\u0022sliderPreloaderColor\\u0022:\\u0022rgba(240,240,240,1)\\u0022,\\u0022sliderHeaderFooterBgColor\\u0022:\\u0022rgba(0,0,0,0.4)\\u0022,\\u0022sliderNavigationColor\\u0022:\\u0022rgba(0,0,0,1)\\u0022,\\u0022sliderNavigationColorOver\\u0022:\\u0022rgba(255,255,255,1)\\u0022,\\u0022sliderNavigationIconColor\\u0022:\\u0022rgba(255,255,255,1)\\u0022,\\u0022sliderNavigationIconColorOver\\u0022:\\u0022rgba(0,0,0,1)\\u0022,\\u0022sliderSlideshow\\u0022:true,\\u0022sliderSlideshowDelay\\u0022:8,\\u0022slideshowIndicatorColor\\u0022:\\u0022rgba(255,255,255,1)\\u0022,\\u0022slideshowIndicatorColorBg\\u0022:\\u0022rgba(255,255,255,0.5)\\u0022,\\u0022sliderThumbSubMenuBackgroundColor\\u0022:\\u0022rgba(255,255,255,0)\\u0022,\\u0022sliderThumbSubMenuBackgroundColorOver\\u0022:\\u0022rgba(255,255,255,1)\\u0022,\\u0022sliderThumbSubMenuIconColor\\u0022:\\u0022rgba(255,255,255,1)\\u0022,\\u0022sliderThumbSubMenuIconHoverColor\\u0022:\\u0022rgba(0,0,0,1)\\u0022,\\u0022sliderSocialShareEnabled\\u0022:false,\\u0022sliderZoomEnable\\u0022:true,\\u0022sliderFullscreenEnabled\\u0022:true,\\u0022modaBgColor\\u0022:\\u0022rgba(0,0,0,0.8)\\u0022,\\u0022modalIconColor\\u0022:\\u0022rgba(255,255,255,1)\\u0022,\\u0022modalIconColorHover\\u0022:\\u0022rgba(255,255,255,0.8)\\u0022,\\u0022shareFacebook\\u0022:false,\\u0022shareTwitter\\u0022:false,\\u0022sharePinterest\\u0022:false,\\u0022sliderItemDownload\\u0022:false,\\u0022shareCopyLink\\u0022:false,\\u0022tagsFilter\\u0022:false,\\u0022tagCloudAll\\u0022:\\u0022All\\u0022,\\u0022tagCloudBgColor\\u0022:\\u0022rgba(153,153,153,1)\\u0022,\\u0022tagCloudBgColorOver\\u0022:\\u0022rgba(253,253,253,1)\\u0022,\\u0022tagCloudTextColor\\u0022:\\u0022rgba(253,253,253,1)\\u0022,\\u0022tagCloudTextColorOver\\u0022:\\u0022rgba(153,153,153,1)\\u0022,\\u0022tagCloudFontSize\\u0022:16,\\u0022deepLinking\\u0022:false,\\u0022useLightbox\\u0022:true,\\u0022numItemsDisplayed\\u0022:0,\\u0022lazyLoading\\u0022:true,\\u0022contentNoPadding\\u0022:false,\\u0022galleryPreloaderColor\\u0022:\\u0022rgba(230,230,230,1)\\u0022,\\u0022galleryBgColor\\u0022:\\u0022rgba(0,0,0,0)\\u0022,\\u0022galleryBorderRadius\\u0022:0,\\u0022collectionColumns\\u0022:4,\\u0022thumbHieghtRation\\u0022:1,\\u0022collectionThumbRecomendedWidth\\u0022:250,\\u0022thumbSpacing\\u0022:10,\\u0022externalLink\\u0022:false,\\u0022externalLinkDefName\\u0022:\\u0022Read More\\u0022,\\u0022externalLinkTextColor\\u0022:\\u0022rgba(0,0,0,1)\\u0022,\\u0022externalLinkBgColor\\u0022:\\u0022rgba(255,255,255,1)\\u0022,\\u0022externalLinkFontSize\\u0022:18,\\u0022captions\\u0022:false,\\u0022captionSrc\\u0022:\\u0022caption\\u0022,\\u0022captionHAlign\\u0022:\\u0022top\\u0022,\\u0022collectionthumbHoverTitleFontSize\\u0022:18,\\u0022collectionthumbRoundedCorners\\u0022:0,\\u0022collectionthumbHoverTitleTextColor\\u0022:\\u0022rgba(255,255,255,1)\\u0022,\\u0022collectionthumbHoverTitleTextBgColor\\u0022:\\u0022rgba(0,0,0,0.8)\\u0022,\\u0022collectionthumbHoverBgColor\\u0022:\\u0022rgba(0,0,0,0.4)\\u0022,\\u0022collectionThumbSubMenuDownload\\u0022:false,\\u0022collectionThumbSubMenuShare\\u0022:false,\\u0022collectionThumbSubMenuBgColor\\u0022:\\u0022rgba(0,0,0,0.4)\\u0022,\\u0022collectionThumbSubMenuBgColorHover\\u0022:\\u0022rgba(255,255,255,1)\\u0022,\\u0022collectionThumbSubMenuIconColor\\u0022:\\u0022rgba(255,255,255,1)\\u0022,\\u0022collectionThumbSubMenuIconColorHover\\u0022:\\u0022rgba(0,0,0,1)\\u0022,\\u0022galleryType\\u0022:\\u0022pgc_sgb_grid\\u0022,\\u0022galleryId\\u0022:\\u0022bd6e9890_1611478574886\\u0022,\\u0022images\\u0022:[{\\u0022id\\u0022:642,\\u0022title\\u0022:\\u002221-01-02 17-36-13 5505\\u0022,\\u0022url\\u0022:\\u0022https:\/\/www.kreativwerkstatt-matthiesen.de\/wp-content\/uploads\/2021\/01\/21-01-02-17-36-13-5505-1-scaled.jpg\\u0022,\\u0022link\\u0022:\\u0022https:\/\/www.kreativwerkstatt-matthiesen.de\/?attachment_id=642\\u0022,\\u0022alt\\u0022:\\u0022\\u0022,\\u0022description\\u0022:\\u0022\\u0022,\\u0022caption\\u0022:\\u0022\\u0022,\\u0022mime\\u0022:\\u0022image\/jpeg\\u0022,\\u0022type\\u0022:\\u0022image\\u0022,\\u0022width\\u0022:2560,\\u0022height\\u0022:1920,\\u0022sizes\\u0022:{\\u0022thumbnail\\u0022:{\\u0022height\\u0022:150,\\u0022width\\u0022:150,\\u0022url\\u0022:\\u0022https:\/\/www.kreativwerkstatt-matthiesen.de\/wp-content\/uploads\/2021\/01\/21-01-02-17-36-13-5505-1-150x150.jpg\\u0022,\\u0022orientation\\u0022:\\u0022landscape\\u0022},\\u0022medium\\u0022:{\\u0022height\\u0022:225,\\u0022width\\u0022:300,\\u0022url\\u0022:\\u0022https:\/\/www.kreativwerkstatt-matthiesen.de\/wp-content\/uploads\/2021\/01\/21-01-02-17-36-13-5505-1-300x225.jpg\\u0022,\\u0022orientation\\u0022:\\u0022landscape\\u0022},\\u0022large\\u0022:{\\u0022height\\u0022:735,\\u0022width\\u0022:980,\\u0022url\\u0022:\\u0022https:\/\/www.kreativwerkstatt-matthiesen.de\/wp-content\/uploads\/2021\/01\/21-01-02-17-36-13-5505-1-1024x768.jpg\\u0022,\\u0022orientation\\u0022:\\u0022landscape\\u0022},\\u0022full\\u0022:{\\u0022url\\u0022:\\u0022https:\/\/www.kreativwerkstatt-matthiesen.de\/wp-content\/uploads\/2021\/01\/21-01-02-17-36-13-5505-1-scaled.jpg\\u0022,\\u0022height\\u0022:1920,\\u0022width\\u0022:2560,\\u0022orientation\\u0022:\\u0022landscape\\u0022}},\\u0022meta\\u0022:false},{\\u0022id\\u0022:643,\\u0022title\\u0022:\\u002221-01-02 18-44-18 5506\\u0022,\\u0022url\\u0022:\\u0022https:\/\/www.kreativwerkstatt-matthiesen.de\/wp-content\/uploads\/2021\/01\/21-01-02-18-44-18-5506-1-scaled.jpg\\u0022,\\u0022link\\u0022:\\u0022https:\/\/www.kreativwerkstatt-matthiesen.de\/?attachment_id=643\\u0022,\\u0022alt\\u0022:\\u0022\\u0022,\\u0022description\\u0022:\\u0022\\u0022,\\u0022caption\\u0022:\\u0022\\u0022,\\u0022mime\\u0022:\\u0022image\/jpeg\\u0022,\\u0022type\\u0022:\\u0022image\\u0022,\\u0022width\\u0022:2376,\\u0022height\\u0022:2560,\\u0022sizes\\u0022:{\\u0022thumbnail\\u0022:{\\u0022height\\u0022:150,\\u0022width\\u0022:150,\\u0022url\\u0022:\\u0022https:\/\/www.kreativwerkstatt-matthiesen.de\/wp-content\/uploads\/2021\/01\/21-01-02-18-44-18-5506-1-150x150.jpg\\u0022,\\u0022orientation\\u0022:\\u0022landscape\\u0022},\\u0022medium\\u0022:{\\u0022height\\u0022:300,\\u0022width\\u0022:278,\\u0022url\\u0022:\\u0022https:\/\/www.kreativwerkstatt-matthiesen.de\/wp-content\/uploads\/2021\/01\/21-01-02-18-44-18-5506-1-278x300.jpg\\u0022,\\u0022orientation\\u0022:\\u0022portrait\\u0022},\\u0022large\\u0022:{\\u0022height\\u0022:1024,\\u0022width\\u0022:950,\\u0022url\\u0022:\\u0022https:\/\/www.kreativwerkstatt-matthiesen.de\/wp-content\/uploads\/2021\/01\/21-01-02-18-44-18-5506-1-950x1024.jpg\\u0022,\\u0022orientation\\u0022:\\u0022portrait\\u0022},\\u0022full\\u0022:{\\u0022url\\u0022:\\u0022https:\/\/www.kreativwerkstatt-matthiesen.de\/wp-content\/uploads\/2021\/01\/21-01-02-18-44-18-5506-1-scaled.jpg\\u0022,\\u0022height\\u0022:2560,\\u0022width\\u0022:2376,\\u0022orientation\\u0022:\\u0022portrait\\u0022}},\\u0022meta\\u0022:false},{\\u0022id\\u0022:644,\\u0022title\\u0022:\\u002221-01-02 18-44-58 5509\\u0022,\\u0022url\\u0022:\\u0022https:\/\/www.kreativwerkstatt-matthiesen.de\/wp-content\/uploads\/2021\/01\/21-01-02-18-44-58-5509-1-scaled.jpg\\u0022,\\u0022link\\u0022:\\u0022https:\/\/www.kreativwerkstatt-matthiesen.de\/?attachment_id=644\\u0022,\\u0022alt\\u0022:\\u0022\\u0022,\\u0022description\\u0022:\\u0022\\u0022,\\u0022caption\\u0022:\\u0022\\u0022,\\u0022mime\\u0022:\\u0022image\/jpeg\\u0022,\\u0022type\\u0022:\\u0022image\\u0022,\\u0022width\\u0022:1098,\\u0022height\\u0022:2560,\\u0022sizes\\u0022:{\\u0022thumbnail\\u0022:{\\u0022height\\u0022:150,\\u0022width\\u0022:150,\\u0022url\\u0022:\\u0022https:\/\/www.kreativwerkstatt-matthiesen.de\/wp-content\/uploads\/2021\/01\/21-01-02-18-44-58-5509-1-150x150.jpg\\u0022,\\u0022orientation\\u0022:\\u0022landscape\\u0022},\\u0022medium\\u0022:{\\u0022height\\u0022:300,\\u0022width\\u0022:129,\\u0022url\\u0022:\\u0022https:\/\/www.kreativwerkstatt-matthiesen.de\/wp-content\/uploads\/2021\/01\/21-01-02-18-44-58-5509-1-129x300.jpg\\u0022,\\u0022orientation\\u0022:\\u0022portrait\\u0022},\\u0022large\\u0022:{\\u0022height\\u0022:1024,\\u0022width\\u0022:439,\\u0022url\\u0022:\\u0022https:\/\/www.kreativwerkstatt-matthiesen.de\/wp-content\/uploads\/2021\/01\/21-01-02-18-44-58-5509-1-439x1024.jpg\\u0022,\\u0022orientation\\u0022:\\u0022portrait\\u0022},\\u0022full\\u0022:{\\u0022url\\u0022:\\u0022https:\/\/www.kreativwerkstatt-matthiesen.de\/wp-content\/uploads\/2021\/01\/21-01-02-18-44-58-5509-1-scaled.jpg\\u0022,\\u0022height\\u0022:2560,\\u0022width\\u0022:1098,\\u0022orientation\\u0022:\\u0022portrait\\u0022}},\\u0022meta\\u0022:false},{\\u0022id\\u0022:645,\\u0022title\\u0022:\\u002221-01-02 18-45-09 5510\\u0022,\\u0022url\\u0022:\\u0022https:\/\/www.kreativwerkstatt-matthiesen.de\/wp-content\/uploads\/2021\/01\/21-01-02-18-45-09-5510-1-scaled.jpg\\u0022,\\u0022link\\u0022:\\u0022https:\/\/www.kreativwerkstatt-matthiesen.de\/?attachment_id=645\\u0022,\\u0022alt\\u0022:\\u0022\\u0022,\\u0022description\\u0022:\\u0022\\u0022,\\u0022caption\\u0022:\\u0022\\u0022,\\u0022mime\\u0022:\\u0022image\/jpeg\\u0022,\\u0022type\\u0022:\\u0022image\\u0022,\\u0022width\\u0022:1905,\\u0022height\\u0022:2560,\\u0022sizes\\u0022:{\\u0022thumbnail\\u0022:{\\u0022height\\u0022:150,\\u0022width\\u0022:150,\\u0022url\\u0022:\\u0022https:\/\/www.kreativwerkstatt-matthiesen.de\/wp-content\/uploads\/2021\/01\/21-01-02-18-45-09-5510-1-150x150.jpg\\u0022,\\u0022orientation\\u0022:\\u0022landscape\\u0022},\\u0022medium\\u0022:{\\u0022height\\u0022:300,\\u0022width\\u0022:223,\\u0022url\\u0022:\\u0022https:\/\/www.kreativwerkstatt-matthiesen.de\/wp-content\/uploads\/2021\/01\/21-01-02-18-45-09-5510-1-223x300.jpg\\u0022,\\u0022orientation\\u0022:\\u0022portrait\\u0022},\\u0022large\\u0022:{\\u0022height\\u0022:1024,\\u0022width\\u0022:762,\\u0022url\\u0022:\\u0022https:\/\/www.kreativwerkstatt-matthiesen.de\/wp-content\/uploads\/2021\/01\/21-01-02-18-45-09-5510-1-762x1024.jpg\\u0022,\\u0022orientation\\u0022:\\u0022portrait\\u0022},\\u0022full\\u0022:{\\u0022url\\u0022:\\u0022https:\/\/www.kreativwerkstatt-matthiesen.de\/wp-content\/uploads\/2021\/01\/21-01-02-18-45-09-5510-1-scaled.jpg\\u0022,\\u0022height\\u0022:2560,\\u0022width\\u0022:1905,\\u0022orientation\\u0022:\\u0022portrait\\u0022}},\\u0022meta\\u0022:false}],\\u0022itemsMetaDataCollection\\u0022:[],\\u0022tagsListCustomMode\\u0022:false,\\u0022galleryTagsList\\u0022:[],\\u0022useClobalSettings\\u0022:false,\\u0022orderBy\\u0022:\\u0022custom\\u0022,\\u0022skin\\u0022:\\u0022grid\\u0022}\",\"shareFacebook\":false,\"shareTwitter\":false,\"sharePinterest\":false,\"sliderItemDownload\":false,\"shareCopyLink\":false,\"sliderSocialShareEnabled\":false,\"itemsMetaDataCollection\":[]}<\/script><script>(function(){if(window.PGC_SGB && window.PGC_SGB.searcher){window.PGC_SGB.searcher.initBlocks()}})()<\/script><\/div>","protected":false},"excerpt":{"rendered":"<p>Wo ist eigentlich \u201edieses\u201c St\u00f6berst\u00fcbchen? Das St\u00f6berst\u00fcbchen findest du in Borstel-Hohenraden und soll dir die M\u00f6glichkeit geben, auch ohne Kreativm\u00e4rkte, bei uns zu st\u00f6bern. Wichtig ist nur, dass du dich bei uns vorab telefonisch anmeldest. Erreichen k\u00f6nnt ihr uns unter der Telefonnummer: 04101-76791. Wir freuen uns auf Deinen Besuch.<\/p>\n","protected":false},"author":1,"featured_media":0,"parent":0,"menu_order":0,"comment_status":"closed","ping_status":"closed","template":"","meta":{"pgc_sgb_lightbox_settings":"","footnotes":""},"class_list":["post-292","page","type-page","status-publish","hentry"],"_links":{"self":[{"href":"https:\/\/www.kreativwerkstatt-matthiesen.de\/index.php?rest_route=\/wp\/v2\/pages\/292","targetHints":{"allow":["GET"]}}],"collection":[{"href":"https:\/\/www.kreativwerkstatt-matthiesen.de\/index.php?rest_route=\/wp\/v2\/pages"}],"about":[{"href":"https:\/\/www.kreativwerkstatt-matthiesen.de\/index.php?rest_route=\/wp\/v2\/types\/page"}],"author":[{"embeddable":true,"href":"https:\/\/www.kreativwerkstatt-matthiesen.de\/index.php?rest_route=\/wp\/v2\/users\/1"}],"replies":[{"embeddable":true,"href":"https:\/\/www.kreativwerkstatt-matthiesen.de\/index.php?rest_route=%2Fwp%2Fv2%2Fcomments&post=292"}],"version-history":[{"count":20,"href":"https:\/\/www.kreativwerkstatt-matthiesen.de\/index.php?rest_route=\/wp\/v2\/pages\/292\/revisions"}],"predecessor-version":[{"id":2760,"href":"https:\/\/www.kreativwerkstatt-matthiesen.de\/index.php?rest_route=\/wp\/v2\/pages\/292\/revisions\/2760"}],"wp:attachment":[{"href":"https:\/\/www.kreativwerkstatt-matthiesen.de\/index.php?rest_route=%2Fwp%2Fv2%2Fmedia&parent=292"}],"curies":[{"name":"wp","href":"https:\/\/api.w.org\/{rel}","templated":true}]}}