{"id":2779,"date":"2025-09-23T08:27:14","date_gmt":"2025-09-23T07:27:14","guid":{"rendered":"https:\/\/www.kreativwerkstatt-matthiesen.de\/?page_id=2779"},"modified":"2025-11-26T20:28:51","modified_gmt":"2025-11-26T19:28:51","slug":"holzsteine","status":"publish","type":"page","link":"https:\/\/www.kreativwerkstatt-matthiesen.de\/?page_id=2779","title":{"rendered":"Holzsteine"},"content":{"rendered":"\n<p>Worte, die bleiben&#8230;<\/p>\n\n\n\n<p>Manchmal braucht es nur ein kleines Wort, um ein Lacheln zu schenken, Hoffnung zu wecken oder Dankbarkeit auszudr\u00fccken. In der Kreativwerkstatt Matthiesen entstehen handgefertigte Holzkl\u00f6tzchen, die genau das tun: kleine Botschafter voller Liebe, Freude und positiver Energie.<\/p>\n\n\n\n<p>Ob Gl\u00fcck, Gesundheit, Freude, Zuversicht oder Dankbarkeit &#8211; jedes Wort ist sorgf\u00e4ltig in Holz verewigt und wird zu einem ganz besonderen Geschenk f\u00fcr dich selbst oder deine Liebsten. Perfekt zum Verschenken, Dekorieren oder einfach zum t\u00e4glichen Innehalten.<\/p>\n\n\n\n<p>Mit viel Herz. Mit Handarbeit. Mit Bedeutung.<\/p>\n\n\n\n<p>Entdecke die Vielfalt der Worte &#8211; und finde das<\/p>\n\n\n\n<p>St\u00fcck, das zu dir passt.<\/p>\n\n\n<div class=\"pgc-sgb-cb wp-block-pgcsimplygalleryblock-masonry \" data-gallery-id=\"0eb37650\"><div class=\"sgb-preloader\" id=\"pr_0eb37650\">\n\t<div class=\"sgb-square\" style=\"background:#d4d4d4\"><\/div>\n\t<div class=\"sgb-square\" style=\"background:#d4d4d4\"><\/div>\n\t<div class=\"sgb-square\" style=\"background:#d4d4d4\"><\/div>\n\t<div class=\"sgb-square\" style=\"background:#d4d4d4\"><\/div><\/div><div class=\"simply-gallery-amp pgc_sgb_slider \"><noscript><div class=\"sgb-gallery\"><div class=\"sgb-item\"><a href=\"https:\/\/www.kreativwerkstatt-matthiesen.de\/wp-content\/uploads\/2025\/11\/IMG_2301-scaled.jpeg\"><img decoding=\"async\" alt=\"\" width=\"225\" height=\"300\" loading=\"lazy\" src=\"https:\/\/www.kreativwerkstatt-matthiesen.de\/wp-content\/uploads\/2025\/11\/IMG_2301-225x300.jpeg\" srcset=\"https:\/\/www.kreativwerkstatt-matthiesen.de\/wp-content\/uploads\/2025\/11\/IMG_2301-225x300.jpeg 225w,https:\/\/www.kreativwerkstatt-matthiesen.de\/wp-content\/uploads\/2025\/11\/IMG_2301-768x1024.jpeg 768w,https:\/\/www.kreativwerkstatt-matthiesen.de\/wp-content\/uploads\/2025\/11\/IMG_2301-scaled.jpeg 1920w\" sizes=\"auto, 250px\"\/><\/a><\/div><div class=\"sgb-item\"><a href=\"https:\/\/www.kreativwerkstatt-matthiesen.de\/wp-content\/uploads\/2025\/11\/IMG_3093-scaled.jpeg\"><img decoding=\"async\" alt=\"\" width=\"300\" height=\"229\" loading=\"lazy\" src=\"https:\/\/www.kreativwerkstatt-matthiesen.de\/wp-content\/uploads\/2025\/11\/IMG_3093-300x229.jpeg\" srcset=\"https:\/\/www.kreativwerkstatt-matthiesen.de\/wp-content\/uploads\/2025\/11\/IMG_3093-300x229.jpeg 300w,https:\/\/www.kreativwerkstatt-matthiesen.de\/wp-content\/uploads\/2025\/11\/IMG_3093-1024x782.jpeg 1024w,https:\/\/www.kreativwerkstatt-matthiesen.de\/wp-content\/uploads\/2025\/11\/IMG_3093-scaled.jpeg 2560w\" sizes=\"auto, 250px\"\/><\/a><\/div><div class=\"sgb-item\"><a href=\"https:\/\/www.kreativwerkstatt-matthiesen.de\/wp-content\/uploads\/2025\/10\/d98baf45-be7a-49b6-ab23-d18e5fb07bda.jpg\"><img decoding=\"async\" alt=\"\" width=\"235\" height=\"300\" loading=\"lazy\" src=\"https:\/\/www.kreativwerkstatt-matthiesen.de\/wp-content\/uploads\/2025\/10\/d98baf45-be7a-49b6-ab23-d18e5fb07bda-235x300.jpg\" srcset=\"https:\/\/www.kreativwerkstatt-matthiesen.de\/wp-content\/uploads\/2025\/10\/d98baf45-be7a-49b6-ab23-d18e5fb07bda-235x300.jpg 235w,https:\/\/www.kreativwerkstatt-matthiesen.de\/wp-content\/uploads\/2025\/10\/d98baf45-be7a-49b6-ab23-d18e5fb07bda-802x1024.jpg 802w,https:\/\/www.kreativwerkstatt-matthiesen.de\/wp-content\/uploads\/2025\/10\/d98baf45-be7a-49b6-ab23-d18e5fb07bda.jpg 1603w\" sizes=\"auto, 250px\"\/><\/a><\/div><div class=\"sgb-item\"><a href=\"https:\/\/www.kreativwerkstatt-matthiesen.de\/wp-content\/uploads\/2025\/10\/de4772d0-4779-4e02-ab35-78d9ec63ba38.jpg\"><img decoding=\"async\" alt=\"\" width=\"225\" height=\"300\" loading=\"lazy\" src=\"https:\/\/www.kreativwerkstatt-matthiesen.de\/wp-content\/uploads\/2025\/10\/de4772d0-4779-4e02-ab35-78d9ec63ba38-225x300.jpg\" srcset=\"https:\/\/www.kreativwerkstatt-matthiesen.de\/wp-content\/uploads\/2025\/10\/de4772d0-4779-4e02-ab35-78d9ec63ba38-225x300.jpg 225w,https:\/\/www.kreativwerkstatt-matthiesen.de\/wp-content\/uploads\/2025\/10\/de4772d0-4779-4e02-ab35-78d9ec63ba38-769x1024.jpg 769w,https:\/\/www.kreativwerkstatt-matthiesen.de\/wp-content\/uploads\/2025\/10\/de4772d0-4779-4e02-ab35-78d9ec63ba38.jpg 1201w\" sizes=\"auto, 250px\"\/><\/a><\/div><div class=\"sgb-item\"><a href=\"https:\/\/www.kreativwerkstatt-matthiesen.de\/wp-content\/uploads\/2025\/10\/thumbnail_392e9e1b-9f95-4904-888e-092cd33f2800.jpg\"><img decoding=\"async\" alt=\"\" width=\"225\" height=\"300\" loading=\"lazy\" src=\"https:\/\/www.kreativwerkstatt-matthiesen.de\/wp-content\/uploads\/2025\/10\/thumbnail_392e9e1b-9f95-4904-888e-092cd33f2800-225x300.jpg\" srcset=\"https:\/\/www.kreativwerkstatt-matthiesen.de\/wp-content\/uploads\/2025\/10\/thumbnail_392e9e1b-9f95-4904-888e-092cd33f2800-225x300.jpg 225w,https:\/\/www.kreativwerkstatt-matthiesen.de\/wp-content\/uploads\/2025\/10\/thumbnail_392e9e1b-9f95-4904-888e-092cd33f2800-769x1024.jpg 769w,https:\/\/www.kreativwerkstatt-matthiesen.de\/wp-content\/uploads\/2025\/10\/thumbnail_392e9e1b-9f95-4904-888e-092cd33f2800.jpg 961w\" sizes=\"auto, 250px\"\/><\/a><\/div><div class=\"sgb-item\"><a href=\"https:\/\/www.kreativwerkstatt-matthiesen.de\/wp-content\/uploads\/2025\/09\/4a0efe8a-910e-4296-b8dc-1aa900add05d.jpeg\"><img decoding=\"async\" alt=\"\" width=\"169\" height=\"300\" loading=\"lazy\" src=\"https:\/\/www.kreativwerkstatt-matthiesen.de\/wp-content\/uploads\/2025\/09\/4a0efe8a-910e-4296-b8dc-1aa900add05d-169x300.jpeg\" srcset=\"https:\/\/www.kreativwerkstatt-matthiesen.de\/wp-content\/uploads\/2025\/09\/4a0efe8a-910e-4296-b8dc-1aa900add05d-169x300.jpeg 169w,https:\/\/www.kreativwerkstatt-matthiesen.de\/wp-content\/uploads\/2025\/09\/4a0efe8a-910e-4296-b8dc-1aa900add05d-576x1024.jpeg 576w,https:\/\/www.kreativwerkstatt-matthiesen.de\/wp-content\/uploads\/2025\/09\/4a0efe8a-910e-4296-b8dc-1aa900add05d.jpeg 1080w\" sizes=\"auto, 250px\"\/><\/a><\/div><div class=\"sgb-item\"><a href=\"https:\/\/www.kreativwerkstatt-matthiesen.de\/wp-content\/uploads\/2025\/09\/df80e2cc-2afe-4560-8643-763a73a5e2bd.jpeg\"><img decoding=\"async\" alt=\"\" width=\"225\" height=\"300\" loading=\"lazy\" src=\"https:\/\/www.kreativwerkstatt-matthiesen.de\/wp-content\/uploads\/2025\/09\/df80e2cc-2afe-4560-8643-763a73a5e2bd-225x300.jpeg\" srcset=\"https:\/\/www.kreativwerkstatt-matthiesen.de\/wp-content\/uploads\/2025\/09\/df80e2cc-2afe-4560-8643-763a73a5e2bd-225x300.jpeg 225w,https:\/\/www.kreativwerkstatt-matthiesen.de\/wp-content\/uploads\/2025\/09\/df80e2cc-2afe-4560-8643-763a73a5e2bd-769x1024.jpeg 769w,https:\/\/www.kreativwerkstatt-matthiesen.de\/wp-content\/uploads\/2025\/09\/df80e2cc-2afe-4560-8643-763a73a5e2bd.jpeg 1537w\" sizes=\"auto, 250px\"\/><\/a><\/div><div class=\"sgb-item\"><a href=\"https:\/\/www.kreativwerkstatt-matthiesen.de\/wp-content\/uploads\/2025\/09\/IMG_1529-scaled.jpeg\"><img decoding=\"async\" alt=\"\" width=\"225\" height=\"300\" loading=\"lazy\" src=\"https:\/\/www.kreativwerkstatt-matthiesen.de\/wp-content\/uploads\/2025\/09\/IMG_1529-225x300.jpeg\" srcset=\"https:\/\/www.kreativwerkstatt-matthiesen.de\/wp-content\/uploads\/2025\/09\/IMG_1529-225x300.jpeg 225w,https:\/\/www.kreativwerkstatt-matthiesen.de\/wp-content\/uploads\/2025\/09\/IMG_1529-768x1024.jpeg 768w,https:\/\/www.kreativwerkstatt-matthiesen.de\/wp-content\/uploads\/2025\/09\/IMG_1529-scaled.jpeg 1920w\" sizes=\"auto, 250px\"\/><\/a><\/div><\/div><\/noscript><\/div><script type=\"application\/json\" class=\"sgb-data\">{\"externalLink\":false,\"externalLinkDefName\":\"\",\"captions\":false,\"collectionThumbSubMenuDownload\":false,\"collectionThumbSubMenuShare\":false,\"galleryType\":\"pgc_sgb_masonry\",\"galleryId\":\"0eb37650\",\"images\":[{\"id\":2854,\"title\":\"IMG_2301\",\"url\":\"https:\/\/www.kreativwerkstatt-matthiesen.de\/wp-content\/uploads\/2025\/11\/IMG_2301-scaled.jpeg\",\"link\":\"https:\/\/www.kreativwerkstatt-matthiesen.de\/?attachment_id=2854\",\"alt\":\"\",\"description\":\"\",\"caption\":\"\",\"mime\":\"image\/jpeg\",\"type\":\"image\",\"width\":1920,\"height\":2560,\"sizes\":{\"thumbnail\":{\"height\":150,\"width\":150,\"url\":\"https:\/\/www.kreativwerkstatt-matthiesen.de\/wp-content\/uploads\/2025\/11\/IMG_2301-150x150.jpeg\",\"orientation\":\"landscape\"},\"medium\":{\"height\":300,\"width\":225,\"url\":\"https:\/\/www.kreativwerkstatt-matthiesen.de\/wp-content\/uploads\/2025\/11\/IMG_2301-225x300.jpeg\",\"orientation\":\"portrait\"},\"large\":{\"height\":1024,\"width\":768,\"url\":\"https:\/\/www.kreativwerkstatt-matthiesen.de\/wp-content\/uploads\/2025\/11\/IMG_2301-768x1024.jpeg\",\"orientation\":\"portrait\"},\"full\":{\"url\":\"https:\/\/www.kreativwerkstatt-matthiesen.de\/wp-content\/uploads\/2025\/11\/IMG_2301-scaled.jpeg\",\"height\":2560,\"width\":1920,\"orientation\":\"portrait\"}},\"imageMeta\":{\"aperture\":\"1.6\",\"credit\":\"\",\"camera\":\"iPhone 15\",\"caption\":\"\",\"created_timestamp\":\"1759665874\",\"copyright\":\"\",\"focal_length\":\"5.96\",\"iso\":\"125\",\"shutter_speed\":\"0.0082644628099174\",\"title\":\"\",\"orientation\":1,\"keywords\":[]},\"meta\":false},{\"id\":2849,\"title\":\"IMG_3093\",\"url\":\"https:\/\/www.kreativwerkstatt-matthiesen.de\/wp-content\/uploads\/2025\/11\/IMG_3093-scaled.jpeg\",\"link\":\"https:\/\/www.kreativwerkstatt-matthiesen.de\/?attachment_id=2849\",\"alt\":\"\",\"description\":\"\",\"caption\":\"\",\"mime\":\"image\/jpeg\",\"type\":\"image\",\"width\":2560,\"height\":1955,\"sizes\":{\"thumbnail\":{\"height\":150,\"width\":150,\"url\":\"https:\/\/www.kreativwerkstatt-matthiesen.de\/wp-content\/uploads\/2025\/11\/IMG_3093-150x150.jpeg\",\"orientation\":\"landscape\"},\"medium\":{\"height\":229,\"width\":300,\"url\":\"https:\/\/www.kreativwerkstatt-matthiesen.de\/wp-content\/uploads\/2025\/11\/IMG_3093-300x229.jpeg\",\"orientation\":\"landscape\"},\"large\":{\"height\":782,\"width\":1024,\"url\":\"https:\/\/www.kreativwerkstatt-matthiesen.de\/wp-content\/uploads\/2025\/11\/IMG_3093-1024x782.jpeg\",\"orientation\":\"landscape\"},\"full\":{\"url\":\"https:\/\/www.kreativwerkstatt-matthiesen.de\/wp-content\/uploads\/2025\/11\/IMG_3093-scaled.jpeg\",\"height\":1955,\"width\":2560,\"orientation\":\"landscape\"}},\"imageMeta\":{\"aperture\":\"1.6\",\"credit\":\"\",\"camera\":\"iPhone 15\",\"caption\":\"\",\"created_timestamp\":\"1762086629\",\"copyright\":\"\",\"focal_length\":\"5.96\",\"iso\":\"160\",\"shutter_speed\":\"0.02\",\"title\":\"\",\"orientation\":\"1\",\"keywords\":[]},\"meta\":false},{\"id\":2794,\"title\":\"d98baf45-be7a-49b6-ab23-d18e5fb07bda\",\"url\":\"https:\/\/www.kreativwerkstatt-matthiesen.de\/wp-content\/uploads\/2025\/10\/d98baf45-be7a-49b6-ab23-d18e5fb07bda.jpg\",\"link\":\"https:\/\/www.kreativwerkstatt-matthiesen.de\/?attachment_id=2794\",\"alt\":\"\",\"description\":\"\",\"caption\":\"\",\"mime\":\"image\/jpeg\",\"type\":\"image\",\"width\":1603,\"height\":2048,\"sizes\":{\"thumbnail\":{\"height\":150,\"width\":150,\"url\":\"https:\/\/www.kreativwerkstatt-matthiesen.de\/wp-content\/uploads\/2025\/10\/d98baf45-be7a-49b6-ab23-d18e5fb07bda-150x150.jpg\",\"orientation\":\"landscape\"},\"medium\":{\"height\":300,\"width\":235,\"url\":\"https:\/\/www.kreativwerkstatt-matthiesen.de\/wp-content\/uploads\/2025\/10\/d98baf45-be7a-49b6-ab23-d18e5fb07bda-235x300.jpg\",\"orientation\":\"portrait\"},\"large\":{\"height\":1024,\"width\":802,\"url\":\"https:\/\/www.kreativwerkstatt-matthiesen.de\/wp-content\/uploads\/2025\/10\/d98baf45-be7a-49b6-ab23-d18e5fb07bda-802x1024.jpg\",\"orientation\":\"portrait\"},\"full\":{\"url\":\"https:\/\/www.kreativwerkstatt-matthiesen.de\/wp-content\/uploads\/2025\/10\/d98baf45-be7a-49b6-ab23-d18e5fb07bda.jpg\",\"height\":2048,\"width\":1603,\"orientation\":\"portrait\"}},\"imageMeta\":{\"aperture\":\"0\",\"credit\":\"\",\"camera\":\"\",\"caption\":\"\",\"created_timestamp\":\"1761137864\",\"copyright\":\"\",\"focal_length\":\"0\",\"iso\":\"0\",\"shutter_speed\":\"0\",\"title\":\"\",\"orientation\":\"0\",\"keywords\":[]},\"meta\":false},{\"id\":2795,\"title\":\"de4772d0-4779-4e02-ab35-78d9ec63ba38\",\"url\":\"https:\/\/www.kreativwerkstatt-matthiesen.de\/wp-content\/uploads\/2025\/10\/de4772d0-4779-4e02-ab35-78d9ec63ba38.jpg\",\"link\":\"https:\/\/www.kreativwerkstatt-matthiesen.de\/?attachment_id=2795\",\"alt\":\"\",\"description\":\"\",\"caption\":\"\",\"mime\":\"image\/jpeg\",\"type\":\"image\",\"width\":1201,\"height\":1600,\"sizes\":{\"thumbnail\":{\"height\":150,\"width\":150,\"url\":\"https:\/\/www.kreativwerkstatt-matthiesen.de\/wp-content\/uploads\/2025\/10\/de4772d0-4779-4e02-ab35-78d9ec63ba38-150x150.jpg\",\"orientation\":\"landscape\"},\"medium\":{\"height\":300,\"width\":225,\"url\":\"https:\/\/www.kreativwerkstatt-matthiesen.de\/wp-content\/uploads\/2025\/10\/de4772d0-4779-4e02-ab35-78d9ec63ba38-225x300.jpg\",\"orientation\":\"portrait\"},\"large\":{\"height\":1024,\"width\":769,\"url\":\"https:\/\/www.kreativwerkstatt-matthiesen.de\/wp-content\/uploads\/2025\/10\/de4772d0-4779-4e02-ab35-78d9ec63ba38-769x1024.jpg\",\"orientation\":\"portrait\"},\"full\":{\"url\":\"https:\/\/www.kreativwerkstatt-matthiesen.de\/wp-content\/uploads\/2025\/10\/de4772d0-4779-4e02-ab35-78d9ec63ba38.jpg\",\"height\":1600,\"width\":1201,\"orientation\":\"portrait\"}},\"imageMeta\":{\"aperture\":\"0\",\"credit\":\"\",\"camera\":\"\",\"caption\":\"\",\"created_timestamp\":\"1756795284\",\"copyright\":\"\",\"focal_length\":\"0\",\"iso\":\"0\",\"shutter_speed\":\"0\",\"title\":\"\",\"orientation\":\"0\",\"keywords\":[]},\"meta\":false},{\"id\":2796,\"title\":\"thumbnail_392e9e1b-9f95-4904-888e-092cd33f2800\",\"url\":\"https:\/\/www.kreativwerkstatt-matthiesen.de\/wp-content\/uploads\/2025\/10\/thumbnail_392e9e1b-9f95-4904-888e-092cd33f2800.jpg\",\"link\":\"https:\/\/www.kreativwerkstatt-matthiesen.de\/?attachment_id=2796\",\"alt\":\"\",\"description\":\"\",\"caption\":\"\",\"mime\":\"image\/jpeg\",\"type\":\"image\",\"width\":961,\"height\":1280,\"sizes\":{\"thumbnail\":{\"height\":150,\"width\":150,\"url\":\"https:\/\/www.kreativwerkstatt-matthiesen.de\/wp-content\/uploads\/2025\/10\/thumbnail_392e9e1b-9f95-4904-888e-092cd33f2800-150x150.jpg\",\"orientation\":\"landscape\"},\"medium\":{\"height\":300,\"width\":225,\"url\":\"https:\/\/www.kreativwerkstatt-matthiesen.de\/wp-content\/uploads\/2025\/10\/thumbnail_392e9e1b-9f95-4904-888e-092cd33f2800-225x300.jpg\",\"orientation\":\"portrait\"},\"large\":{\"height\":1024,\"width\":769,\"url\":\"https:\/\/www.kreativwerkstatt-matthiesen.de\/wp-content\/uploads\/2025\/10\/thumbnail_392e9e1b-9f95-4904-888e-092cd33f2800-769x1024.jpg\",\"orientation\":\"portrait\"},\"full\":{\"url\":\"https:\/\/www.kreativwerkstatt-matthiesen.de\/wp-content\/uploads\/2025\/10\/thumbnail_392e9e1b-9f95-4904-888e-092cd33f2800.jpg\",\"height\":1280,\"width\":961,\"orientation\":\"portrait\"}},\"imageMeta\":{\"aperture\":\"0\",\"credit\":\"\",\"camera\":\"\",\"caption\":\"\",\"created_timestamp\":\"0\",\"copyright\":\"\",\"focal_length\":\"0\",\"iso\":\"0\",\"shutter_speed\":\"0\",\"title\":\"\",\"orientation\":\"0\",\"keywords\":[]},\"meta\":false},{\"id\":2772,\"title\":\"4a0efe8a-910e-4296-b8dc-1aa900add05d\",\"url\":\"https:\/\/www.kreativwerkstatt-matthiesen.de\/wp-content\/uploads\/2025\/09\/4a0efe8a-910e-4296-b8dc-1aa900add05d.jpeg\",\"link\":\"https:\/\/www.kreativwerkstatt-matthiesen.de\/?attachment_id=2772\",\"alt\":\"\",\"description\":\"\",\"caption\":\"\",\"mime\":\"image\/jpeg\",\"type\":\"image\",\"width\":1080,\"height\":1920,\"sizes\":{\"thumbnail\":{\"height\":150,\"width\":150,\"url\":\"https:\/\/www.kreativwerkstatt-matthiesen.de\/wp-content\/uploads\/2025\/09\/4a0efe8a-910e-4296-b8dc-1aa900add05d-150x150.jpeg\",\"orientation\":\"landscape\"},\"medium\":{\"height\":300,\"width\":169,\"url\":\"https:\/\/www.kreativwerkstatt-matthiesen.de\/wp-content\/uploads\/2025\/09\/4a0efe8a-910e-4296-b8dc-1aa900add05d-169x300.jpeg\",\"orientation\":\"portrait\"},\"large\":{\"height\":1024,\"width\":576,\"url\":\"https:\/\/www.kreativwerkstatt-matthiesen.de\/wp-content\/uploads\/2025\/09\/4a0efe8a-910e-4296-b8dc-1aa900add05d-576x1024.jpeg\",\"orientation\":\"portrait\"},\"full\":{\"url\":\"https:\/\/www.kreativwerkstatt-matthiesen.de\/wp-content\/uploads\/2025\/09\/4a0efe8a-910e-4296-b8dc-1aa900add05d.jpeg\",\"height\":1920,\"width\":1080,\"orientation\":\"portrait\"}},\"imageMeta\":{\"aperture\":\"0\",\"credit\":\"\",\"camera\":\"\",\"caption\":\"\",\"created_timestamp\":\"0\",\"copyright\":\"\",\"focal_length\":\"0\",\"iso\":\"0\",\"shutter_speed\":\"0\",\"title\":\"\",\"orientation\":\"0\",\"keywords\":[]},\"meta\":false},{\"id\":2770,\"title\":\"df80e2cc-2afe-4560-8643-763a73a5e2bd\",\"url\":\"https:\/\/www.kreativwerkstatt-matthiesen.de\/wp-content\/uploads\/2025\/09\/df80e2cc-2afe-4560-8643-763a73a5e2bd.jpeg\",\"link\":\"https:\/\/www.kreativwerkstatt-matthiesen.de\/?attachment_id=2770\",\"alt\":\"\",\"description\":\"\",\"caption\":\"\",\"mime\":\"image\/jpeg\",\"type\":\"image\",\"width\":1537,\"height\":2048,\"sizes\":{\"thumbnail\":{\"height\":150,\"width\":150,\"url\":\"https:\/\/www.kreativwerkstatt-matthiesen.de\/wp-content\/uploads\/2025\/09\/df80e2cc-2afe-4560-8643-763a73a5e2bd-150x150.jpeg\",\"orientation\":\"landscape\"},\"medium\":{\"height\":300,\"width\":225,\"url\":\"https:\/\/www.kreativwerkstatt-matthiesen.de\/wp-content\/uploads\/2025\/09\/df80e2cc-2afe-4560-8643-763a73a5e2bd-225x300.jpeg\",\"orientation\":\"portrait\"},\"large\":{\"height\":1024,\"width\":769,\"url\":\"https:\/\/www.kreativwerkstatt-matthiesen.de\/wp-content\/uploads\/2025\/09\/df80e2cc-2afe-4560-8643-763a73a5e2bd-769x1024.jpeg\",\"orientation\":\"portrait\"},\"full\":{\"url\":\"https:\/\/www.kreativwerkstatt-matthiesen.de\/wp-content\/uploads\/2025\/09\/df80e2cc-2afe-4560-8643-763a73a5e2bd.jpeg\",\"height\":2048,\"width\":1537,\"orientation\":\"portrait\"}},\"imageMeta\":{\"aperture\":\"0\",\"credit\":\"\",\"camera\":\"\",\"caption\":\"\",\"created_timestamp\":\"1756140683\",\"copyright\":\"\",\"focal_length\":\"0\",\"iso\":\"0\",\"shutter_speed\":\"0\",\"title\":\"\",\"orientation\":\"0\",\"keywords\":[]},\"meta\":false},{\"id\":2769,\"title\":\"IMG_1529\",\"url\":\"https:\/\/www.kreativwerkstatt-matthiesen.de\/wp-content\/uploads\/2025\/09\/IMG_1529-scaled.jpeg\",\"link\":\"https:\/\/www.kreativwerkstatt-matthiesen.de\/?attachment_id=2769\",\"alt\":\"\",\"description\":\"\",\"caption\":\"\",\"mime\":\"image\/jpeg\",\"type\":\"image\",\"width\":1920,\"height\":2560,\"sizes\":{\"thumbnail\":{\"height\":150,\"width\":150,\"url\":\"https:\/\/www.kreativwerkstatt-matthiesen.de\/wp-content\/uploads\/2025\/09\/IMG_1529-150x150.jpeg\",\"orientation\":\"landscape\"},\"medium\":{\"height\":300,\"width\":225,\"url\":\"https:\/\/www.kreativwerkstatt-matthiesen.de\/wp-content\/uploads\/2025\/09\/IMG_1529-225x300.jpeg\",\"orientation\":\"portrait\"},\"large\":{\"height\":1024,\"width\":768,\"url\":\"https:\/\/www.kreativwerkstatt-matthiesen.de\/wp-content\/uploads\/2025\/09\/IMG_1529-768x1024.jpeg\",\"orientation\":\"portrait\"},\"full\":{\"url\":\"https:\/\/www.kreativwerkstatt-matthiesen.de\/wp-content\/uploads\/2025\/09\/IMG_1529-scaled.jpeg\",\"height\":2560,\"width\":1920,\"orientation\":\"portrait\"}},\"imageMeta\":{\"aperture\":\"1.6\",\"credit\":\"\",\"camera\":\"iPhone 15\",\"caption\":\"\",\"created_timestamp\":\"1757333092\",\"copyright\":\"\",\"focal_length\":\"5.96\",\"iso\":\"80\",\"shutter_speed\":\"0.0082644628099174\",\"title\":\"\",\"orientation\":\"1\",\"keywords\":[]},\"meta\":false}],\"shareFacebook\":false,\"shareTwitter\":false,\"sharePinterest\":false,\"sliderItemDownload\":false,\"shareCopyLink\":false,\"sliderSocialShareEnabled\":false,\"itemsMetaDataCollection\":[]}<\/script><script>(function(){if(window.PGC_SGB && window.PGC_SGB.searcher){window.PGC_SGB.searcher.initBlocks()}})()<\/script><\/div>","protected":false},"excerpt":{"rendered":"<p>Worte, die bleiben&#8230; Manchmal braucht es nur ein kleines Wort, um ein Lacheln zu schenken, Hoffnung zu wecken oder Dankbarkeit auszudr\u00fccken. In der Kreativwerkstatt Matthiesen entstehen handgefertigte Holzkl\u00f6tzchen, die genau das tun: kleine Botschafter voller Liebe, Freude und positiver Energie. Ob Gl\u00fcck, Gesundheit, Freude, Zuversicht oder Dankbarkeit &#8211; jedes Wort ist sorgf\u00e4ltig in Holz verewigt [&hellip;]<\/p>\n","protected":false},"author":1,"featured_media":0,"parent":0,"menu_order":0,"comment_status":"closed","ping_status":"closed","template":"","meta":{"pgc_sgb_lightbox_settings":"","footnotes":""},"class_list":["post-2779","page","type-page","status-publish","hentry"],"_links":{"self":[{"href":"https:\/\/www.kreativwerkstatt-matthiesen.de\/index.php?rest_route=\/wp\/v2\/pages\/2779","targetHints":{"allow":["GET"]}}],"collection":[{"href":"https:\/\/www.kreativwerkstatt-matthiesen.de\/index.php?rest_route=\/wp\/v2\/pages"}],"about":[{"href":"https:\/\/www.kreativwerkstatt-matthiesen.de\/index.php?rest_route=\/wp\/v2\/types\/page"}],"author":[{"embeddable":true,"href":"https:\/\/www.kreativwerkstatt-matthiesen.de\/index.php?rest_route=\/wp\/v2\/users\/1"}],"replies":[{"embeddable":true,"href":"https:\/\/www.kreativwerkstatt-matthiesen.de\/index.php?rest_route=%2Fwp%2Fv2%2Fcomments&post=2779"}],"version-history":[{"count":3,"href":"https:\/\/www.kreativwerkstatt-matthiesen.de\/index.php?rest_route=\/wp\/v2\/pages\/2779\/revisions"}],"predecessor-version":[{"id":2861,"href":"https:\/\/www.kreativwerkstatt-matthiesen.de\/index.php?rest_route=\/wp\/v2\/pages\/2779\/revisions\/2861"}],"wp:attachment":[{"href":"https:\/\/www.kreativwerkstatt-matthiesen.de\/index.php?rest_route=%2Fwp%2Fv2%2Fmedia&parent=2779"}],"curies":[{"name":"wp","href":"https:\/\/api.w.org\/{rel}","templated":true}]}}