{"id":24,"date":"2020-07-26T12:35:40","date_gmt":"2020-07-26T12:35:40","guid":{"rendered":"https:\/\/kreativwerkstatt-matthiesen.de\/?page_id=24"},"modified":"2025-11-26T20:18:31","modified_gmt":"2025-11-26T19:18:31","slug":"preise-bestellung","status":"publish","type":"page","link":"https:\/\/www.kreativwerkstatt-matthiesen.de\/?page_id=24","title":{"rendered":"Shop"},"content":{"rendered":"\n<p class=\"has-black-color has-text-color\">Wir haben uns bewusst gegen einen Webshop entschieden, da unsere Werke alle individuell gefertigt sind. <\/p>\n\n\n\n<p class=\"has-black-color has-text-color\">Du kannst uns aber jederzeit <a href=\"https:\/\/www.kreativwerkstatt-matthiesen.de\/?page_id=36\" data-type=\"page\" data-id=\"36\">schreiben<\/a> oder <a href=\"https:\/\/www.kreativwerkstatt-matthiesen.de\/?page_id=36\" data-type=\"page\" data-id=\"36\">anrufen<\/a> und deine Bestellung aufgeben.<\/p>\n\n\n\n<p class=\"has-black-color has-text-color\">Alternativ kannst du uns auch im <a href=\"https:\/\/www.kreativwerkstatt-matthiesen.de\/?page_id=292\" data-type=\"page\" data-id=\"292\">St\u00f6berst\u00fcbchen<\/a> besuchen kommen. (Anmeldung erforderlich)<\/p>\n\n\n\n<p>Unsere <a href=\"https:\/\/www.kreativwerkstatt-matthiesen.de\/?page_id=1759\" data-type=\"page\" data-id=\"1759\">St\u00f6berh\u00fctte<\/a>n in 25494 Borstel Hohenraden und in 25436 Tornesch stehen dir auch ohne Anmeldung 24\/7 zur Verf\u00fcgung!<\/p>\n\n\n\n<p><\/p>\n\n\n\n<p><\/p>\n\n\n\n<p class=\"has-black-color has-text-color\"><\/p>\n\n\n\n<p class=\"has-black-color has-text-color\"><strong>Holzschilder<\/strong> = ab 6,50\u20ac<\/p>\n\n\n\n<p class=\"has-black-color has-text-color\"><strong>Windlichter<\/strong> = ab 15,00\u20ac<\/p>\n\n\n\n<p class=\"has-black-color has-text-color\"><strong>Kerzenst\u00e4nder<\/strong> = ab 6,50\u20ac<\/p>\n\n\n\n<p class=\"has-black-color has-text-color\"><strong>Kartenhalter<\/strong> = 4,50\u20ac<\/p>\n\n\n\n<p class=\"has-black-color has-text-color\"><strong>Kerzen<\/strong> = ab 2,00\u20ac<\/p>\n\n\n\n<p class=\"has-black-color has-text-color\"><strong>Gl\u00e4ser<\/strong> =  ab 8,50\u20ac<\/p>\n\n\n\n<p class=\"has-black-color has-text-color\"><strong>Geburtskiste<\/strong> = ab 35,00\u20ac<\/p>\n\n\n\n<p><strong>Fr\u00fchst\u00fccksbrett  aus Bambus<\/strong> = ab 12,00\u20ac<\/p>\n\n\n\n<p><strong>Textplatten<\/strong> = 12,00\u20ac<br><strong><br>Schl\u00fcsselanh\u00e4nger <\/strong>= 3,50\u20ac<br><strong><br>Holz-Magnet<\/strong>= 3,50\u20ac<br><\/p>\n\n\n\n<p><mark style=\"background-color:rgba(0, 0, 0, 0)\" class=\"has-inline-color has-black-color\">Weitere\/genauere Preise findest du auf den jeweiligen <a href=\"https:\/\/www.kreativwerkstatt-matthiesen.de\/?page_id=551\" data-type=\"page\" data-id=\"551\">Produktseiten<\/a> und\/oder auf <a href=\"https:\/\/www.kreativwerkstatt-matthiesen.de\/?page_id=36\" data-type=\"page\" data-id=\"36\">Anfrage<\/a><\/mark>.<\/p>\n","protected":false},"excerpt":{"rendered":"<p>Wir haben uns bewusst gegen einen Webshop entschieden, da unsere Werke alle individuell gefertigt sind. Du kannst uns aber jederzeit schreiben oder anrufen und deine Bestellung aufgeben. Alternativ kannst du uns auch im St\u00f6berst\u00fcbchen besuchen kommen. (Anmeldung erforderlich) Unsere St\u00f6berh\u00fctten in 25494 Borstel Hohenraden und in 25436 Tornesch stehen dir auch ohne Anmeldung 24\/7 zur [&hellip;]<\/p>\n","protected":false},"author":1,"featured_media":0,"parent":0,"menu_order":0,"comment_status":"closed","ping_status":"closed","template":"","meta":{"pgc_sgb_lightbox_settings":"","footnotes":""},"class_list":["post-24","page","type-page","status-publish","hentry"],"_links":{"self":[{"href":"https:\/\/www.kreativwerkstatt-matthiesen.de\/index.php?rest_route=\/wp\/v2\/pages\/24","targetHints":{"allow":["GET"]}}],"collection":[{"href":"https:\/\/www.kreativwerkstatt-matthiesen.de\/index.php?rest_route=\/wp\/v2\/pages"}],"about":[{"href":"https:\/\/www.kreativwerkstatt-matthiesen.de\/index.php?rest_route=\/wp\/v2\/types\/page"}],"author":[{"embeddable":true,"href":"https:\/\/www.kreativwerkstatt-matthiesen.de\/index.php?rest_route=\/wp\/v2\/users\/1"}],"replies":[{"embeddable":true,"href":"https:\/\/www.kreativwerkstatt-matthiesen.de\/index.php?rest_route=%2Fwp%2Fv2%2Fcomments&post=24"}],"version-history":[{"count":27,"href":"https:\/\/www.kreativwerkstatt-matthiesen.de\/index.php?rest_route=\/wp\/v2\/pages\/24\/revisions"}],"predecessor-version":[{"id":2823,"href":"https:\/\/www.kreativwerkstatt-matthiesen.de\/index.php?rest_route=\/wp\/v2\/pages\/24\/revisions\/2823"}],"wp:attachment":[{"href":"https:\/\/www.kreativwerkstatt-matthiesen.de\/index.php?rest_route=%2Fwp%2Fv2%2Fmedia&parent=24"}],"curies":[{"name":"wp","href":"https:\/\/api.w.org\/{rel}","templated":true}]}}