{"id":1759,"date":"2022-07-17T12:51:13","date_gmt":"2022-07-17T11:51:13","guid":{"rendered":"https:\/\/www.kreativwerkstatt-matthiesen.de\/?page_id=1759"},"modified":"2024-03-13T12:02:49","modified_gmt":"2024-03-13T11:02:49","slug":"stoeberhuette","status":"publish","type":"page","link":"https:\/\/www.kreativwerkstatt-matthiesen.de\/?page_id=1759","title":{"rendered":"St\u00f6berh\u00fctte"},"content":{"rendered":"\n<p class=\"has-text-align-left\">Zus\u00e4tzlich zum <a href=\"https:\/\/www.kreativwerkstatt-matthiesen.de\/?page_id=292\" data-type=\"page\" data-id=\"292\">St\u00f6berst\u00fcbchen<\/a> haben wir auch zwei St\u00f6berh\u00fctten. Diese sind durchgehend f\u00fcr euch ge\u00f6ffnet.<br>Auf dem &#8222;Dachboden&#8220; befindet sich eine Kasse oder ihr schickt uns den Betrag einfach per Paypal.<\/p>\n\n\n\n<ol class=\"wp-block-list\">\n<li>St\u00f6berh\u00fctte : Sompweg in 25436 Tornesch<\/li>\n\n\n\n<li>St\u00f6berh\u00fctte : Roffloh 27 in 25494 Borstel Hohenraden<\/li>\n<\/ol>\n\n\n\n<p><\/p>\n\n\n<div class=\"pgc-sgb-cb wp-block-pgcsimplygalleryblock-masonry \" data-gallery-id=\"9a565365\"><div class=\"sgb-preloader\" id=\"pr_9a565365\">\n\t<div class=\"sgb-square\" style=\"background:#d4d4d4\"><\/div>\n\t<div class=\"sgb-square\" style=\"background:#d4d4d4\"><\/div>\n\t<div class=\"sgb-square\" style=\"background:#d4d4d4\"><\/div>\n\t<div class=\"sgb-square\" style=\"background:#d4d4d4\"><\/div><\/div><div class=\"simply-gallery-amp pgc_sgb_slider \"><noscript><div class=\"sgb-gallery\"><div class=\"sgb-item\"><a href=\"https:\/\/www.kreativwerkstatt-matthiesen.de\/wp-content\/uploads\/2024\/03\/IMG_6337-scaled.jpeg\"><img decoding=\"async\" alt=\"\" width=\"225\" height=\"300\" loading=\"lazy\" src=\"https:\/\/www.kreativwerkstatt-matthiesen.de\/wp-content\/uploads\/2024\/03\/IMG_6337-225x300.jpeg\" srcset=\"https:\/\/www.kreativwerkstatt-matthiesen.de\/wp-content\/uploads\/2024\/03\/IMG_6337-225x300.jpeg 225w,https:\/\/www.kreativwerkstatt-matthiesen.de\/wp-content\/uploads\/2024\/03\/IMG_6337-768x1024.jpeg 768w,https:\/\/www.kreativwerkstatt-matthiesen.de\/wp-content\/uploads\/2024\/03\/IMG_6337-scaled.jpeg 1920w\" sizes=\"auto, 250px\"\/><\/a><\/div><div class=\"sgb-item\"><a href=\"https:\/\/www.kreativwerkstatt-matthiesen.de\/wp-content\/uploads\/2024\/01\/IMG_4887-scaled.jpeg\"><img decoding=\"async\" alt=\"\" width=\"225\" height=\"300\" loading=\"lazy\" src=\"https:\/\/www.kreativwerkstatt-matthiesen.de\/wp-content\/uploads\/2024\/01\/IMG_4887-225x300.jpeg\" srcset=\"https:\/\/www.kreativwerkstatt-matthiesen.de\/wp-content\/uploads\/2024\/01\/IMG_4887-225x300.jpeg 225w,https:\/\/www.kreativwerkstatt-matthiesen.de\/wp-content\/uploads\/2024\/01\/IMG_4887-768x1024.jpeg 768w,https:\/\/www.kreativwerkstatt-matthiesen.de\/wp-content\/uploads\/2024\/01\/IMG_4887-scaled.jpeg 1920w\" sizes=\"auto, 250px\"\/><\/a><\/div><div class=\"sgb-item\"><a href=\"https:\/\/www.kreativwerkstatt-matthiesen.de\/wp-content\/uploads\/2023\/11\/image0-1.jpeg\"><img decoding=\"async\" alt=\"\" width=\"300\" height=\"225\" loading=\"lazy\" src=\"https:\/\/www.kreativwerkstatt-matthiesen.de\/wp-content\/uploads\/2023\/11\/image0-1-300x225.jpeg\" srcset=\"https:\/\/www.kreativwerkstatt-matthiesen.de\/wp-content\/uploads\/2023\/11\/image0-1-300x225.jpeg 300w,https:\/\/www.kreativwerkstatt-matthiesen.de\/wp-content\/uploads\/2023\/11\/image0-1-1024x768.jpeg 1024w,https:\/\/www.kreativwerkstatt-matthiesen.de\/wp-content\/uploads\/2023\/11\/image0-1.jpeg 1824w\" sizes=\"auto, 250px\"\/><\/a><\/div><div class=\"sgb-item\"><a href=\"https:\/\/www.kreativwerkstatt-matthiesen.de\/wp-content\/uploads\/2022\/07\/ed2849ba-b04a-41df-ab65-b595142cb333.jpg\"><img decoding=\"async\" alt=\"\" width=\"225\" height=\"300\" loading=\"lazy\" src=\"https:\/\/www.kreativwerkstatt-matthiesen.de\/wp-content\/uploads\/2022\/07\/ed2849ba-b04a-41df-ab65-b595142cb333-225x300.jpg\" srcset=\"https:\/\/www.kreativwerkstatt-matthiesen.de\/wp-content\/uploads\/2022\/07\/ed2849ba-b04a-41df-ab65-b595142cb333-225x300.jpg 225w,https:\/\/www.kreativwerkstatt-matthiesen.de\/wp-content\/uploads\/2022\/07\/ed2849ba-b04a-41df-ab65-b595142cb333-768x1024.jpg 768w,https:\/\/www.kreativwerkstatt-matthiesen.de\/wp-content\/uploads\/2022\/07\/ed2849ba-b04a-41df-ab65-b595142cb333.jpg 1368w\" sizes=\"auto, 250px\"\/><\/a><\/div><div class=\"sgb-item\"><a href=\"https:\/\/www.kreativwerkstatt-matthiesen.de\/wp-content\/uploads\/2022\/07\/abd3d978-f088-45d5-9a8a-2fa462a0ce21.jpg\"><img decoding=\"async\" alt=\"\" width=\"225\" height=\"300\" loading=\"lazy\" src=\"https:\/\/www.kreativwerkstatt-matthiesen.de\/wp-content\/uploads\/2022\/07\/abd3d978-f088-45d5-9a8a-2fa462a0ce21-225x300.jpg\" srcset=\"https:\/\/www.kreativwerkstatt-matthiesen.de\/wp-content\/uploads\/2022\/07\/abd3d978-f088-45d5-9a8a-2fa462a0ce21-225x300.jpg 225w,https:\/\/www.kreativwerkstatt-matthiesen.de\/wp-content\/uploads\/2022\/07\/abd3d978-f088-45d5-9a8a-2fa462a0ce21-768x1024.jpg 768w,https:\/\/www.kreativwerkstatt-matthiesen.de\/wp-content\/uploads\/2022\/07\/abd3d978-f088-45d5-9a8a-2fa462a0ce21.jpg 1368w\" sizes=\"auto, 250px\"\/><\/a><\/div><div class=\"sgb-item\"><a href=\"https:\/\/www.kreativwerkstatt-matthiesen.de\/wp-content\/uploads\/2022\/07\/f612e7f2-4626-40dc-b268-c97e324aae38.jpg\"><img decoding=\"async\" alt=\"\" width=\"225\" height=\"300\" loading=\"lazy\" src=\"https:\/\/www.kreativwerkstatt-matthiesen.de\/wp-content\/uploads\/2022\/07\/f612e7f2-4626-40dc-b268-c97e324aae38-225x300.jpg\" srcset=\"https:\/\/www.kreativwerkstatt-matthiesen.de\/wp-content\/uploads\/2022\/07\/f612e7f2-4626-40dc-b268-c97e324aae38-225x300.jpg 225w,https:\/\/www.kreativwerkstatt-matthiesen.de\/wp-content\/uploads\/2022\/07\/f612e7f2-4626-40dc-b268-c97e324aae38-768x1024.jpg 768w,https:\/\/www.kreativwerkstatt-matthiesen.de\/wp-content\/uploads\/2022\/07\/f612e7f2-4626-40dc-b268-c97e324aae38.jpg 1368w\" sizes=\"auto, 250px\"\/><\/a><\/div><\/div><\/noscript><\/div><script type=\"application\/json\" class=\"sgb-data\">{\"captions\":false,\"collectionThumbSubMenuDownload\":false,\"collectionThumbSubMenuShare\":false,\"galleryType\":\"pgc_sgb_masonry\",\"galleryId\":\"9a565365\",\"images\":[{\"id\":2572,\"title\":\"IMG_6337\",\"url\":\"https:\/\/www.kreativwerkstatt-matthiesen.de\/wp-content\/uploads\/2024\/03\/IMG_6337-scaled.jpeg\",\"link\":\"https:\/\/www.kreativwerkstatt-matthiesen.de\/?attachment_id=2572\",\"alt\":\"\",\"description\":\"\",\"caption\":\"\",\"mime\":\"image\/jpeg\",\"type\":\"image\",\"width\":1920,\"height\":2560,\"sizes\":{\"thumbnail\":{\"height\":150,\"width\":150,\"url\":\"https:\/\/www.kreativwerkstatt-matthiesen.de\/wp-content\/uploads\/2024\/03\/IMG_6337-150x150.jpeg\",\"orientation\":\"landscape\"},\"medium\":{\"height\":300,\"width\":225,\"url\":\"https:\/\/www.kreativwerkstatt-matthiesen.de\/wp-content\/uploads\/2024\/03\/IMG_6337-225x300.jpeg\",\"orientation\":\"portrait\"},\"large\":{\"height\":1024,\"width\":768,\"url\":\"https:\/\/www.kreativwerkstatt-matthiesen.de\/wp-content\/uploads\/2024\/03\/IMG_6337-768x1024.jpeg\",\"orientation\":\"portrait\"},\"full\":{\"url\":\"https:\/\/www.kreativwerkstatt-matthiesen.de\/wp-content\/uploads\/2024\/03\/IMG_6337-scaled.jpeg\",\"height\":2560,\"width\":1920,\"orientation\":\"portrait\"}},\"imageMeta\":{\"aperture\":\"1.8\",\"credit\":\"\",\"camera\":\"iPhone 11 Pro\",\"caption\":\"\",\"created_timestamp\":\"1709665797\",\"copyright\":\"\",\"focal_length\":\"4.25\",\"iso\":\"640\",\"shutter_speed\":\"0.25\",\"title\":\"\",\"orientation\":1,\"keywords\":[]},\"meta\":false},{\"id\":2499,\"title\":\"IMG_4887\",\"url\":\"https:\/\/www.kreativwerkstatt-matthiesen.de\/wp-content\/uploads\/2024\/01\/IMG_4887-scaled.jpeg\",\"link\":\"https:\/\/www.kreativwerkstatt-matthiesen.de\/?attachment_id=2499\",\"alt\":\"\",\"description\":\"\",\"caption\":\"\",\"mime\":\"image\/jpeg\",\"type\":\"image\",\"width\":1920,\"height\":2560,\"sizes\":{\"thumbnail\":{\"height\":150,\"width\":150,\"url\":\"https:\/\/www.kreativwerkstatt-matthiesen.de\/wp-content\/uploads\/2024\/01\/IMG_4887-150x150.jpeg\",\"orientation\":\"landscape\"},\"medium\":{\"height\":300,\"width\":225,\"url\":\"https:\/\/www.kreativwerkstatt-matthiesen.de\/wp-content\/uploads\/2024\/01\/IMG_4887-225x300.jpeg\",\"orientation\":\"portrait\"},\"large\":{\"height\":1024,\"width\":768,\"url\":\"https:\/\/www.kreativwerkstatt-matthiesen.de\/wp-content\/uploads\/2024\/01\/IMG_4887-768x1024.jpeg\",\"orientation\":\"portrait\"},\"full\":{\"url\":\"https:\/\/www.kreativwerkstatt-matthiesen.de\/wp-content\/uploads\/2024\/01\/IMG_4887-scaled.jpeg\",\"height\":2560,\"width\":1920,\"orientation\":\"portrait\"}},\"imageMeta\":{\"aperture\":\"1.8\",\"credit\":\"\",\"camera\":\"iPhone 11 Pro\",\"caption\":\"\",\"created_timestamp\":\"1704476953\",\"copyright\":\"\",\"focal_length\":\"4.25\",\"iso\":\"1000\",\"shutter_speed\":\"0.25\",\"title\":\"\",\"orientation\":1,\"keywords\":[]},\"meta\":false},{\"id\":2461,\"title\":\"image0 (1)\",\"url\":\"https:\/\/www.kreativwerkstatt-matthiesen.de\/wp-content\/uploads\/2023\/11\/image0-1.jpeg\",\"link\":\"https:\/\/www.kreativwerkstatt-matthiesen.de\/?attachment_id=2461\",\"alt\":\"\",\"description\":\"\",\"caption\":\"\",\"mime\":\"image\/jpeg\",\"type\":\"image\",\"width\":1824,\"height\":1368,\"sizes\":{\"thumbnail\":{\"height\":150,\"width\":150,\"url\":\"https:\/\/www.kreativwerkstatt-matthiesen.de\/wp-content\/uploads\/2023\/11\/image0-1-150x150.jpeg\",\"orientation\":\"landscape\"},\"medium\":{\"height\":225,\"width\":300,\"url\":\"https:\/\/www.kreativwerkstatt-matthiesen.de\/wp-content\/uploads\/2023\/11\/image0-1-300x225.jpeg\",\"orientation\":\"landscape\"},\"large\":{\"height\":768,\"width\":1024,\"url\":\"https:\/\/www.kreativwerkstatt-matthiesen.de\/wp-content\/uploads\/2023\/11\/image0-1-1024x768.jpeg\",\"orientation\":\"landscape\"},\"full\":{\"url\":\"https:\/\/www.kreativwerkstatt-matthiesen.de\/wp-content\/uploads\/2023\/11\/image0-1.jpeg\",\"height\":1368,\"width\":1824,\"orientation\":\"landscape\"}},\"imageMeta\":{\"aperture\":\"0\",\"credit\":\"\",\"camera\":\"\",\"caption\":\"\",\"created_timestamp\":\"0\",\"copyright\":\"\",\"focal_length\":\"0\",\"iso\":\"0\",\"shutter_speed\":\"0\",\"title\":\"\",\"orientation\":\"0\",\"keywords\":[]},\"meta\":false},{\"id\":1750,\"title\":\"ed2849ba-b04a-41df-ab65-b595142cb333.jpg\",\"url\":\"https:\/\/www.kreativwerkstatt-matthiesen.de\/wp-content\/uploads\/2022\/07\/ed2849ba-b04a-41df-ab65-b595142cb333.jpg\",\"link\":\"https:\/\/www.kreativwerkstatt-matthiesen.de\/?attachment_id=1750\",\"alt\":\"\",\"description\":\"\",\"caption\":\"\",\"mime\":\"image\/jpeg\",\"type\":\"image\",\"width\":1368,\"height\":1824,\"sizes\":{\"thumbnail\":{\"height\":150,\"width\":150,\"url\":\"https:\/\/www.kreativwerkstatt-matthiesen.de\/wp-content\/uploads\/2022\/07\/ed2849ba-b04a-41df-ab65-b595142cb333-150x150.jpg\",\"orientation\":\"landscape\"},\"medium\":{\"height\":300,\"width\":225,\"url\":\"https:\/\/www.kreativwerkstatt-matthiesen.de\/wp-content\/uploads\/2022\/07\/ed2849ba-b04a-41df-ab65-b595142cb333-225x300.jpg\",\"orientation\":\"portrait\"},\"large\":{\"height\":1024,\"width\":768,\"url\":\"https:\/\/www.kreativwerkstatt-matthiesen.de\/wp-content\/uploads\/2022\/07\/ed2849ba-b04a-41df-ab65-b595142cb333-768x1024.jpg\",\"orientation\":\"portrait\"},\"full\":{\"url\":\"https:\/\/www.kreativwerkstatt-matthiesen.de\/wp-content\/uploads\/2022\/07\/ed2849ba-b04a-41df-ab65-b595142cb333.jpg\",\"height\":1824,\"width\":1368,\"orientation\":\"portrait\"}},\"imageMeta\":{\"aperture\":\"0\",\"credit\":\"\",\"camera\":\"\",\"caption\":\"\",\"created_timestamp\":\"0\",\"copyright\":\"\",\"focal_length\":\"0\",\"iso\":\"0\",\"shutter_speed\":\"0\",\"title\":\"\",\"orientation\":\"1\",\"keywords\":[]},\"meta\":false},{\"id\":1751,\"title\":\"abd3d978-f088-45d5-9a8a-2fa462a0ce21.jpg\",\"url\":\"https:\/\/www.kreativwerkstatt-matthiesen.de\/wp-content\/uploads\/2022\/07\/abd3d978-f088-45d5-9a8a-2fa462a0ce21.jpg\",\"link\":\"https:\/\/www.kreativwerkstatt-matthiesen.de\/?attachment_id=1751\",\"alt\":\"\",\"description\":\"\",\"caption\":\"\",\"mime\":\"image\/jpeg\",\"type\":\"image\",\"width\":1368,\"height\":1824,\"sizes\":{\"thumbnail\":{\"height\":150,\"width\":150,\"url\":\"https:\/\/www.kreativwerkstatt-matthiesen.de\/wp-content\/uploads\/2022\/07\/abd3d978-f088-45d5-9a8a-2fa462a0ce21-150x150.jpg\",\"orientation\":\"landscape\"},\"medium\":{\"height\":300,\"width\":225,\"url\":\"https:\/\/www.kreativwerkstatt-matthiesen.de\/wp-content\/uploads\/2022\/07\/abd3d978-f088-45d5-9a8a-2fa462a0ce21-225x300.jpg\",\"orientation\":\"portrait\"},\"large\":{\"height\":1024,\"width\":768,\"url\":\"https:\/\/www.kreativwerkstatt-matthiesen.de\/wp-content\/uploads\/2022\/07\/abd3d978-f088-45d5-9a8a-2fa462a0ce21-768x1024.jpg\",\"orientation\":\"portrait\"},\"full\":{\"url\":\"https:\/\/www.kreativwerkstatt-matthiesen.de\/wp-content\/uploads\/2022\/07\/abd3d978-f088-45d5-9a8a-2fa462a0ce21.jpg\",\"height\":1824,\"width\":1368,\"orientation\":\"portrait\"}},\"imageMeta\":{\"aperture\":\"0\",\"credit\":\"\",\"camera\":\"\",\"caption\":\"\",\"created_timestamp\":\"0\",\"copyright\":\"\",\"focal_length\":\"0\",\"iso\":\"0\",\"shutter_speed\":\"0\",\"title\":\"\",\"orientation\":\"1\",\"keywords\":[]},\"meta\":false},{\"id\":1753,\"title\":\"f612e7f2-4626-40dc-b268-c97e324aae38.jpg\",\"url\":\"https:\/\/www.kreativwerkstatt-matthiesen.de\/wp-content\/uploads\/2022\/07\/f612e7f2-4626-40dc-b268-c97e324aae38.jpg\",\"link\":\"https:\/\/www.kreativwerkstatt-matthiesen.de\/?attachment_id=1753\",\"alt\":\"\",\"description\":\"\",\"caption\":\"\",\"mime\":\"image\/jpeg\",\"type\":\"image\",\"width\":1368,\"height\":1824,\"sizes\":{\"thumbnail\":{\"height\":150,\"width\":150,\"url\":\"https:\/\/www.kreativwerkstatt-matthiesen.de\/wp-content\/uploads\/2022\/07\/f612e7f2-4626-40dc-b268-c97e324aae38-150x150.jpg\",\"orientation\":\"landscape\"},\"medium\":{\"height\":300,\"width\":225,\"url\":\"https:\/\/www.kreativwerkstatt-matthiesen.de\/wp-content\/uploads\/2022\/07\/f612e7f2-4626-40dc-b268-c97e324aae38-225x300.jpg\",\"orientation\":\"portrait\"},\"large\":{\"height\":1024,\"width\":768,\"url\":\"https:\/\/www.kreativwerkstatt-matthiesen.de\/wp-content\/uploads\/2022\/07\/f612e7f2-4626-40dc-b268-c97e324aae38-768x1024.jpg\",\"orientation\":\"portrait\"},\"full\":{\"url\":\"https:\/\/www.kreativwerkstatt-matthiesen.de\/wp-content\/uploads\/2022\/07\/f612e7f2-4626-40dc-b268-c97e324aae38.jpg\",\"height\":1824,\"width\":1368,\"orientation\":\"portrait\"}},\"imageMeta\":{\"aperture\":\"0\",\"credit\":\"\",\"camera\":\"\",\"caption\":\"\",\"created_timestamp\":\"0\",\"copyright\":\"\",\"focal_length\":\"0\",\"iso\":\"0\",\"shutter_speed\":\"0\",\"title\":\"\",\"orientation\":\"1\",\"keywords\":[]},\"meta\":false}],\"shareFacebook\":false,\"shareTwitter\":false,\"sharePinterest\":false,\"sliderItemDownload\":false,\"shareCopyLink\":false,\"sliderSocialShareEnabled\":false,\"itemsMetaDataCollection\":[]}<\/script><script>(function(){if(window.PGC_SGB && window.PGC_SGB.searcher){window.PGC_SGB.searcher.initBlocks()}})()<\/script><\/div>","protected":false},"excerpt":{"rendered":"<p>Zus\u00e4tzlich zum St\u00f6berst\u00fcbchen haben wir auch zwei St\u00f6berh\u00fctten. Diese sind durchgehend f\u00fcr euch ge\u00f6ffnet.Auf dem &#8222;Dachboden&#8220; befindet sich eine Kasse oder ihr schickt uns den Betrag einfach per Paypal.<\/p>\n","protected":false},"author":1,"featured_media":0,"parent":0,"menu_order":0,"comment_status":"closed","ping_status":"closed","template":"","meta":{"pgc_sgb_lightbox_settings":"","footnotes":""},"class_list":["post-1759","page","type-page","status-publish","hentry"],"_links":{"self":[{"href":"https:\/\/www.kreativwerkstatt-matthiesen.de\/index.php?rest_route=\/wp\/v2\/pages\/1759","targetHints":{"allow":["GET"]}}],"collection":[{"href":"https:\/\/www.kreativwerkstatt-matthiesen.de\/index.php?rest_route=\/wp\/v2\/pages"}],"about":[{"href":"https:\/\/www.kreativwerkstatt-matthiesen.de\/index.php?rest_route=\/wp\/v2\/types\/page"}],"author":[{"embeddable":true,"href":"https:\/\/www.kreativwerkstatt-matthiesen.de\/index.php?rest_route=\/wp\/v2\/users\/1"}],"replies":[{"embeddable":true,"href":"https:\/\/www.kreativwerkstatt-matthiesen.de\/index.php?rest_route=%2Fwp%2Fv2%2Fcomments&post=1759"}],"version-history":[{"count":16,"href":"https:\/\/www.kreativwerkstatt-matthiesen.de\/index.php?rest_route=\/wp\/v2\/pages\/1759\/revisions"}],"predecessor-version":[{"id":2582,"href":"https:\/\/www.kreativwerkstatt-matthiesen.de\/index.php?rest_route=\/wp\/v2\/pages\/1759\/revisions\/2582"}],"wp:attachment":[{"href":"https:\/\/www.kreativwerkstatt-matthiesen.de\/index.php?rest_route=%2Fwp%2Fv2%2Fmedia&parent=1759"}],"curies":[{"name":"wp","href":"https:\/\/api.w.org\/{rel}","templated":true}]}}